{"id":10027,"date":"2021-10-31T22:06:40","date_gmt":"2021-10-31T21:06:40","guid":{"rendered":"https:\/\/trends.com.tn\/2022\/?page_id=10027"},"modified":"2021-11-05T15:39:14","modified_gmt":"2021-11-05T14:39:14","slug":"realisation-video-de-temoignages-clients-tunisie","status":"publish","type":"page","link":"https:\/\/trends.com.tn\/2022\/agence-production-audiovisuelle-tunisie\/realisation-video-de-temoignages-clients-tunisie\/","title":{"rendered":"R\u00e9alisation Vid\u00e9o de T\u00e9moignages Clients tunisie"},"content":{"rendered":"<p>[vc_row full_width=&#8221;stretch_row&#8221; content_placement=&#8221;middle&#8221; kd_background_image_position=&#8221;vc_row-bg-position-top&#8221; css=&#8221;.vc_custom_1635675873734{padding-top: 100px !important;padding-bottom: 90px !important;background-color: #edf1f5 !important;background-position: center !important;background-repeat: no-repeat !important;background-size: cover !important;}&#8221; el_class=&#8221;intro-section&#8221; css_tablet_portrait=&#8221;.vc_custom_1635675873734{padding-top: 100px !important;}&#8221; css_mobile=&#8221;.vc_custom_1635675873734{padding-top: 100px !important;}&#8221;][vc_column width=&#8221;1\/2&#8243; offset=&#8221;vc_col-lg-6 vc_col-md-8&#8243;][vc_row_inner content_placement=&#8221;middle&#8221; kd_background_image_position=&#8221;vc_row-bg-position-top&#8221;][vc_column_inner css=&#8221;.vc_custom_1598355366512{margin-left: 0px !important;padding-right: 0px !important;padding-left: 0px !important;}&#8221;]<div class=\"kd-title-label text-left    kd-animated fadeIn\" data-animation-delay=200><span class=\"kd-title-label-solid\">TRENDS<\/span><span class=\"kd-title-label-transparent\">Agence Production audiovisuelle Digitale tunisie<\/span><\/div><header class=\"kd-section-title col-lg-12 text-left  subtitle-below-title kd-animated fadeIn   vc_custom_1635714359756\" data-animation-delay=200><h1 class=\"separator_off\" style=\"font-size: 60px;line-height: 60px;\">R\u00e9alisation Vid\u00e9o de T\u00e9moignages Clients tunisie<\/h1><\/header>[vc_column_text]<span style=\"font-weight: 400;\">Les t\u00e9moignages clients et l&#8217;e-r\u00e9putation sont fortement li\u00e9s. Ce sont des m\u00e9canismes marketing au service d&#8217;une strat\u00e9gie de promotion visible.<\/span><\/p>\n<p><span style=\"font-weight: 400;\">\u00c0 partir du moment o\u00f9 un client participe \u00e0 une vid\u00e9o, il s&#8217;engage en tant que personne, en tant que gestionnaire de son entreprise et en tant que repr\u00e9sentant de la marque. Sans remettre en cause leur cr\u00e9dibilit\u00e9 ou leur honn\u00eatet\u00e9 intellectuelle, les t\u00e9moignages des clients renforcent la confiance des marques.<\/span><\/p>\n<ul>\n<li>La repr\u00e9sentativit\u00e9 du panel (public vs priv\u00e9, petites entreprises et grands groupes, marques tr\u00e8s connues du grand public ou marques plus sp\u00e9cifiques).<\/li>\n<\/ul>\n<ul>\n<li>Le type de contenu : une vid\u00e9o simple avec un t\u00e9moignage face cam\u00e9ra, du texte avec une voix off, une concentration sur la situation du client avant\/pendant\/apr\u00e8s).<\/li>\n<li>Le niveau de d\u00e9tail du t\u00e9moignage<\/li>\n<li>L\u2019adaptation au public<\/li>\n<\/ul>\n<p>[\/vc_column_text][\/vc_column_inner][\/vc_row_inner][\/vc_column][vc_column width=&#8221;1\/2&#8243; css=&#8221;.vc_custom_1599047585907{margin-right: 0px !important;}&#8221; offset=&#8221;vc_col-lg-6 vc_col-md-4&#8243;]<!-- Start Lottier for WPBakery WordPress Plugin --><div id=\"mdp-lottier-box-b4d7af45dc61a8c8de9b5da783e9f939\" >\n\t    \t    <div class=\"mdp-lottier-svg\">\n\t\t    <div class=\"mdp-lottier-player\"\n\t\t         data-autoplay=\"autoplay\"\n\t\t         data-speed=\"1\"\n\t\t         data-loop=\"true\"\n\t\t         data-controls=\"false\"\n\t\t         data-mode=\"normal\"\n\t\t    >\n\t\t\t    <!--suppress HtmlUnknownTag -->\n\t\t\t    \t\t\t    <lottie-player id=\"mdp-lottier-b4d7af45dc61a8c8de9b5da783e9f939\" class=\"mdp-lottier-animation \" src='https:\/\/trends.com.tn\/2022\/wp-content\/uploads\/2021\/10\/production.json'><\/lottie-player>\n\n\t\t    <\/div>\n\t    <\/div>\n\t    \n\t    \n\t    \n\t    <\/div>\n\n\t    <!-- End Lottier for WPBakery WordPress Plugin -->\n\n\t    [\/vc_column][\/vc_row][vc_row full_width=&#8221;stretch_row_content_no_spaces&#8221; kd_background_image_position=&#8221;vc_row-bg-position-top&#8221;][vc_column css=&#8221;.vc_custom_1597665991208{padding-right: 0px !important;padding-left: 0px !important;}&#8221;][vc_row_inner full_width=&#8221;inner_row_contained&#8221; kd_background_image_position=&#8221;vc_row-bg-position-top&#8221; css=&#8221;.vc_custom_1635698773410{margin-right: 60px !important;margin-left: 60px !important;padding-top: 160px !important;padding-bottom: 165px !important;background-image: url(https:\/\/trends.com.tn\/2022\/wp-content\/uploads\/2021\/10\/prod.jpg?id=9927) !important;background-position: center !important;background-repeat: no-repeat !important;background-size: cover !important;border-radius: 50px !important;}&#8221; css_tablet_portrait=&#8221;.vc_custom_1635698773411{margin-right: 0px !important;margin-left: 0px !important;padding-top: 100px !important;padding-bottom: 100px !important;border-radius: 0px !important;}&#8221; css_mobile=&#8221;.vc_custom_1635698773411{margin-right: 0px !important;margin-left: 0px !important;padding-top: 100px !important;padding-bottom: 100px !important;border-radius: 0px !important;}&#8221; css_tablet_landscape=&#8221;.vc_custom_1635698773411{margin-right: 0px !important;margin-left: 0px !important;border-radius: 0px !important;}&#8221;][vc_column_inner width=&#8221;1\/2&#8243; css_tablet_portrait=&#8221;.vc_custom_1598614995974{padding-left: 30px !important;}&#8221; css_mobile=&#8221;.vc_custom_1598614995975{padding-left: 15px !important;}&#8221;]<div class=\"kd-shapes shape_dots  kd-animated fadeInDown\" style=\"top: -240px;left: 70%;width: 340px;height: 143px;background-color: #ffffff;\"  data-animation-delay=600><\/div><header class=\"kd-section-title col-lg-12 text-left  subtitle-above-title kd-animated fadeIn   vc_custom_1635698808219\" data-animation-delay=200><h6 class=\"subtitle\" style=\"color: #ffffff;font-size:15px;\">BESOIN D'UN EXPERT ? NOS EXPERTS SONT \u00c0 VOTRE \u00c9COUTE !<br \/>\nUn projet en t\u00eate ? Vous avez un projet toute notre \u00e9quipe reste \u00e0 votre \u00e9coute.<\/h6><h1 class=\"separator_off\" style=\"color: #ffffff;\">Agence Production audiovisuelle Digitale En tunisie<\/h1><\/header><a  href=\"https:\/\/meetings.trends.tn\/\"  target=\"_self\"  title=\"\" class=\"tt_button tt_primary_button btn_secondary_color hover_solid_white btn-align-left button-action-link   kd-animated zoomIn\" data-animation-delay=200><span class=\"prim_text\">JE VEUX PRENDRE RDV<\/span><\/a><div class=\"kd-shapes shape_dots  kd-animated fadeInUp\" style=\"bottom: -220px;left: 35%;width: 173px;height: 143px;background-color: #ffffff;\"  data-animation-delay=600><\/div>[\/vc_column_inner][vc_column_inner width=&#8221;1\/2&#8243; css=&#8221;.vc_custom_1597672141666{padding-top: 100px !important;}&#8221;][\/vc_column_inner][\/vc_row_inner][\/vc_column][\/vc_row][vc_row full_width=&#8221;stretch_row_content_no_spaces&#8221; kd_background_image_position=&#8221;vc_row-bg-position-top&#8221; css=&#8221;.vc_custom_1606475232051{padding-bottom: 100px !important;}&#8221;][vc_column]<div class=\"kd-calltoaction\" >\n                <div class=\"container\">\n                  <div class=\"cta-text-container kd-animated fadeIn\" data-animation-delay=\"200\"><div class=\"cta-text\"><h2 >Parmi nos derniers projets<\/h2><p >D\u00e9couvrez les entreprises qui nous ont fait confiance et comment nous les avons aid\u00e9es \u00e0 mettre en place ou d\u00e9velopper leurs activit\u00e9s.<\/p><\/div>\n                    <\/div>\n                    <div class=\"cta-btncontainer\"><a href=\"\/projets\"  title=\"\" class=\"tt_button tt_secondary_button btn_primary_color  button-action-link icon_right kd-animated zoomIn\" data-animation-delay=\"200\">Nos Projets<span class=\"fas fa-chevron-right iconita\" ><\/span><\/a><\/div>\n                <\/div>\n            <\/div>[vc_row_inner full_width=&#8221;inner_row_contained&#8221; kd_background_image_position=&#8221;vc_row-bg-position-top&#8221;][vc_column_inner][vc_basic_grid post_type=&#8221;portfolio&#8221; max_items=&#8221;6&#8243; element_width=&#8221;2&#8243; paging_design=&#8221;none&#8221; loop=&#8221;yes&#8221; autoplay=&#8221;8&#8243; grid_id=&#8221;vc_gid:1636123106028-da75ef80a428aa2a359ddb17d1f659de-3&#8243; el_class=&#8221;fullwidth-carousel&#8221; exclude=&#8221;7613, 7611, 7605, 7603&#8243;][\/vc_column_inner][\/vc_row_inner][\/vc_column][\/vc_row][vc_row full_width=&#8221;stretch_row&#8221; kd_background_image_position=&#8221;vc_row-bg-position-top&#8221; kd_bottom_separator_style=&#8221;static-waves&#8221; kd_bottom_separator_height=&#8221;separator-height-large&#8221; kd_background_overlay=&#8221;true&#8221; kd_bottom_separator=&#8221;true&#8221; kd_bottom_separator_flip_y=&#8221;true&#8221; css=&#8221;.vc_custom_1599063646412{padding-top: 35px !important;padding-bottom: 460px !important;}&#8221; el_class=&#8221;zindex0&#8243;][vc_column css=&#8221;.vc_custom_1515677064675{padding-right: 0px !important;padding-left: 0px !important;}&#8221;]<div class=\"kd-calltoaction\" >\n                <div class=\"container\">\n                  <div class=\"cta-text-container kd-animated fadeIn\" data-animation-delay=\"200\"><div class=\"cta-text\"><h2 >L'ACTUALIT\u00c9 DU DIGITAL #TRENDS<\/h2><p >D\u00e9couvrez les entreprises qui nous ont fait confiance et comment nous les avons aid\u00e9es \u00e0 mettre en place ou d\u00e9velopper leurs activit\u00e9s.<\/p><\/div>\n                    <\/div>\n                    <div class=\"cta-btncontainer\"><a href=\"\/blog\"  title=\"\" class=\"tt_button tt_secondary_button btn_primary_color  button-action-link icon_right kd-animated zoomIn\" data-animation-delay=\"200\">Voir toutes les actualit\u00e9s<span class=\"fas fa-chevron-right iconita\" ><\/span><\/a><\/div>\n                <\/div>\n            <\/div>[\/vc_column][\/vc_row][vc_row kd_background_image_position=&#8221;vc_row-bg-position-top&#8221;][vc_column][vc_basic_grid post_type=&#8221;post&#8221; max_items=&#8221;3&#8243; item=&#8221;3729&#8243; grid_id=&#8221;vc_gid:1636123106333-bb4af55935ffc49b28e002af976ba116-9&#8243; css=&#8221;.vc_custom_1598440930341{margin-top: -447px !important;}&#8221;][\/vc_column][\/vc_row][vc_row full_width=&#8221;stretch_row&#8221; kd_background_image_position=&#8221;vc_row-bg-position-top&#8221;][vc_column][vc_row_inner full_width=&#8221;inner_row_contained&#8221; kd_background_image_position=&#8221;vc_row-bg-position-top&#8221; css=&#8221;.vc_custom_1635637799426{padding-top: 40px !important;padding-bottom: 120px !important;}&#8221;][vc_column_inner]<div class=\"slider clients opacity-effect kd-client-69e22ece5ef97 black-navigation \"><div class=\"clients-content kd-animated fadeInUp\" ><img loading=\"lazy\" decoding=\"async\" width=\"119\" height=\"102\" src=\"https:\/\/trends.com.tn\/2022\/wp-content\/uploads\/2021\/10\/UN.webp\" class=\"attachment-full\" alt=\"\" \/><\/div><div class=\"clients-content kd-animated fadeInUp\" data-animation-delay=200><img loading=\"lazy\" decoding=\"async\" width=\"208\" height=\"80\" src=\"https:\/\/trends.com.tn\/2022\/wp-content\/uploads\/2021\/10\/logo-oim.webp\" class=\"attachment-full\" alt=\"\" \/><\/div><div class=\"clients-content kd-animated fadeInUp\" data-animation-delay=400><img loading=\"lazy\" decoding=\"async\" width=\"122\" height=\"122\" src=\"https:\/\/trends.com.tn\/2022\/wp-content\/uploads\/2021\/10\/iacelogotrends.webp\" class=\"attachment-full\" alt=\"\" \/><\/div><div class=\"clients-content kd-animated fadeInUp\" data-animation-delay=600><img loading=\"lazy\" decoding=\"async\" width=\"362\" height=\"94\" src=\"https:\/\/trends.com.tn\/2022\/wp-content\/uploads\/2021\/10\/GIZ.webp\" class=\"attachment-full\" alt=\"\" srcset=\"https:\/\/trends.com.tn\/2022\/wp-content\/uploads\/2021\/10\/GIZ.webp 362w, https:\/\/trends.com.tn\/2022\/wp-content\/uploads\/2021\/10\/GIZ-300x78.webp 300w\" sizes=\"auto, (max-width: 362px) 100vw, 362px\" \/><\/div><div class=\"clients-content kd-animated fadeInUp\" data-animation-delay=800><img loading=\"lazy\" decoding=\"async\" width=\"128\" height=\"100\" src=\"https:\/\/trends.com.tn\/2022\/wp-content\/uploads\/2021\/10\/cE.webp\" class=\"attachment-full\" alt=\"\" \/><\/div><div class=\"clients-content kd-animated fadeInUp\" data-animation-delay=1000><img loading=\"lazy\" decoding=\"async\" width=\"302\" height=\"90\" src=\"https:\/\/trends.com.tn\/2022\/wp-content\/uploads\/2021\/10\/usaid.webp\" class=\"attachment-full\" alt=\"\" srcset=\"https:\/\/trends.com.tn\/2022\/wp-content\/uploads\/2021\/10\/usaid.webp 302w, https:\/\/trends.com.tn\/2022\/wp-content\/uploads\/2021\/10\/usaid-300x89.webp 300w\" sizes=\"auto, (max-width: 302px) 100vw, 302px\" \/><\/div><div class=\"clients-content \" ><img loading=\"lazy\" decoding=\"async\" width=\"222\" height=\"100\" src=\"https:\/\/trends.com.tn\/2022\/wp-content\/uploads\/2021\/10\/unfpa.webp\" class=\"attachment-full\" alt=\"\" \/><\/div><div class=\"clients-content \" ><img loading=\"lazy\" decoding=\"async\" width=\"222\" height=\"100\" src=\"https:\/\/trends.com.tn\/2022\/wp-content\/uploads\/2021\/10\/unfpa.webp\" class=\"attachment-full\" alt=\"\" \/><\/div><div class=\"clients-content \" ><img loading=\"lazy\" decoding=\"async\" width=\"222\" height=\"100\" src=\"https:\/\/trends.com.tn\/2022\/wp-content\/uploads\/2021\/10\/unfpa.webp\" class=\"attachment-full\" alt=\"\" \/><\/div><div class=\"clients-content \" ><img loading=\"lazy\" decoding=\"async\" width=\"222\" height=\"100\" src=\"https:\/\/trends.com.tn\/2022\/wp-content\/uploads\/2021\/10\/unfpa.webp\" class=\"attachment-full\" alt=\"\" \/><\/div><div class=\"clients-content \" ><img loading=\"lazy\" decoding=\"async\" width=\"222\" height=\"100\" src=\"https:\/\/trends.com.tn\/2022\/wp-content\/uploads\/2021\/10\/unfpa.webp\" class=\"attachment-full\" alt=\"\" \/><\/div><\/div><script>\r\n              jQuery(document).ready(function($){\r\n                if ($(\".slider.clients.kd-client-69e22ece5ef97\").length) {\r\n                  $(\".slider.clients.kd-client-69e22ece5ef97\").owlCarousel({\r\n                    stageClass: \"owl-wrapper\",\r\n                    stageOuterClass: \"owl-wrapper-outer\",\r\n                    loadedClass: \"owl-carousel\",\r\n                    responsiveClass:true,\r\n                    responsive:{\r\n                      0:{\r\n                          items:2,nav: true,\r\n                            navSpeed: 500,\r\n                            dots: false,},\r\n                      415:{\r\n                          items:3,nav: true,\r\n                            navSpeed: 500,\r\n                            dots: false,},\r\n                      960:{\r\n                          items:6,dots: true,\r\n                              nav: false,\r\n                              dotsSpeed: 200,\r\n                              dotsEach: false,}\r\n                    },loop: true,\r\n                  });\r\n                }\r\n              });\r\n            <\/script>[\/vc_column_inner][\/vc_row_inner][\/vc_column][\/vc_row]<\/p>\n","protected":false},"excerpt":{"rendered":"<p>[vc_row full_width=&#8221;stretch_row&#8221; content_placement=&#8221;middle&#8221; kd_background_image_position=&#8221;vc_row-bg-position-top&#8221; css=&#8221;.vc_custom_1635675873734{padding-top: 100px !important;padding-bottom: 90px !important;background-color: #edf1f5 !important;background-position: center !important;background-repeat: no-repeat !important;background-size: cover !important;}&#8221; el_class=&#8221;intro-section&#8221; css_tablet_portrait=&#8221;.vc_custom_1635675873734{padding-top: 100px [&hellip;]<\/p>\n","protected":false},"author":1,"featured_media":0,"parent":9921,"menu_order":0,"comment_status":"closed","ping_status":"closed","template":"","meta":{"footnotes":""},"class_list":["post-10027","page","type-page","status-publish","hentry"],"_links":{"self":[{"href":"https:\/\/trends.com.tn\/2022\/wp-json\/wp\/v2\/pages\/10027","targetHints":{"allow":["GET"]}}],"collection":[{"href":"https:\/\/trends.com.tn\/2022\/wp-json\/wp\/v2\/pages"}],"about":[{"href":"https:\/\/trends.com.tn\/2022\/wp-json\/wp\/v2\/types\/page"}],"author":[{"embeddable":true,"href":"https:\/\/trends.com.tn\/2022\/wp-json\/wp\/v2\/users\/1"}],"replies":[{"embeddable":true,"href":"https:\/\/trends.com.tn\/2022\/wp-json\/wp\/v2\/comments?post=10027"}],"version-history":[{"count":2,"href":"https:\/\/trends.com.tn\/2022\/wp-json\/wp\/v2\/pages\/10027\/revisions"}],"predecessor-version":[{"id":10250,"href":"https:\/\/trends.com.tn\/2022\/wp-json\/wp\/v2\/pages\/10027\/revisions\/10250"}],"up":[{"embeddable":true,"href":"https:\/\/trends.com.tn\/2022\/wp-json\/wp\/v2\/pages\/9921"}],"wp:attachment":[{"href":"https:\/\/trends.com.tn\/2022\/wp-json\/wp\/v2\/media?parent=10027"}],"curies":[{"name":"wp","href":"https:\/\/api.w.org\/{rel}","templated":true}]}}