{"id":10048,"date":"2021-10-31T22:19:18","date_gmt":"2021-10-31T21:19:18","guid":{"rendered":"https:\/\/trends.com.tn\/2022\/?page_id=10048"},"modified":"2021-11-05T15:34:28","modified_gmt":"2021-11-05T14:34:28","slug":"agence-relations-blogueurs-tunisie","status":"publish","type":"page","link":"https:\/\/trends.com.tn\/2022\/agence-pr-tunisie\/agence-relations-blogueurs-tunisie\/","title":{"rendered":"Agence Relations Blogueurs tunisie"},"content":{"rendered":"<p>[vc_row full_width=&#8221;stretch_row&#8221; content_placement=&#8221;middle&#8221; kd_background_image_position=&#8221;vc_row-bg-position-top&#8221; css=&#8221;.vc_custom_1635675873734{padding-top: 100px !important;padding-bottom: 90px !important;background-color: #edf1f5 !important;background-position: center !important;background-repeat: no-repeat !important;background-size: cover !important;}&#8221; el_class=&#8221;intro-section&#8221; css_tablet_portrait=&#8221;.vc_custom_1635675873734{padding-top: 100px !important;}&#8221; css_mobile=&#8221;.vc_custom_1635675873734{padding-top: 100px !important;}&#8221;][vc_column width=&#8221;1\/2&#8243; offset=&#8221;vc_col-lg-6 vc_col-md-8&#8243;][vc_row_inner content_placement=&#8221;middle&#8221; kd_background_image_position=&#8221;vc_row-bg-position-top&#8221;][vc_column_inner css=&#8221;.vc_custom_1598355366512{margin-left: 0px !important;padding-right: 0px !important;padding-left: 0px !important;}&#8221;]<div class=\"kd-title-label text-left    kd-animated fadeIn\" data-animation-delay=200><span class=\"kd-title-label-solid\">TRENDS<\/span><span class=\"kd-title-label-transparent\">Agence de PR en Tunisie<\/span><\/div><header class=\"kd-section-title col-lg-12 text-left  subtitle-below-title kd-animated fadeIn   vc_custom_1635715137245\" data-animation-delay=200><h1 class=\"separator_off\" style=\"font-size: 60px;line-height: 60px;\">Relations Blogueurs:<\/h1><\/header>[vc_column_text]<span style=\"font-weight: 400;\">Sur Internet, le champ de la concurrence est vaste et il n&#8217;y a pas de restrictions fixes. Par cons\u00e9quent, les marques sont tr\u00e8s int\u00e9ress\u00e9es \u00e0 identifier les internautes actifs qui peuvent entendre leur voix, c&#8217;est-\u00e0-dire les influenceurs, et \u00e0 les utiliser comme de puissants interm\u00e9diaires au service de leur notori\u00e9t\u00e9. Nous ne les contactons pas comme des journalistes. La relation avec eux doit \u00eatre moins impersonnelle, qui est une relation de donner et de recevoir l&#8217;un l&#8217;autre.<\/span><\/p>\n<p>&nbsp;<\/p>\n<p><span style=\"font-weight: 400;\">Liste des blogueurs cibl\u00e9s par Trends :<\/span><\/p>\n<p><span style=\"font-weight: 400;\">\u00a0La qualit\u00e9 du contenu et la coh\u00e9rence de la ligne \u00e9ditoriale.<\/span><\/p>\n<p><span style=\"font-weight: 400;\">\u00a0Pour l&#8217;entreprise, c&#8217;est le crit\u00e8re de base pour s&#8217;assurer que l&#8217;image de marque est respect\u00e9e. les blogs a forte audience n&#8217;ont pas forc\u00e9ment\u00a0 une bonne image pour toutes les marques.\u00a0<\/span><\/p>\n<p><span style=\"font-weight: 400;\">L\u2019audience, qu&#8217;il soit quantit\u00e9 ou cible. Un large public est important si et seulement s&#8217;il est pertinent pour le public cible de la marque.<\/span><\/p>\n<p>&nbsp;<\/p>\n<p><span style=\"font-weight: 400;\">la pr\u00e9sence sur les r\u00e9seaux sociaux. L\u2019engagement sur les r\u00e9seaux sociaux (Facebook, Twitter, Instagram, Pinterest, Youtube, etc.) est un crit\u00e8re important pour d\u00e9terminer la vitalit\u00e9 de la communaut\u00e9 d un blog.<\/span>[\/vc_column_text][\/vc_column_inner][\/vc_row_inner][\/vc_column][vc_column width=&#8221;1\/2&#8243; css=&#8221;.vc_custom_1599047585907{margin-right: 0px !important;}&#8221; offset=&#8221;vc_col-lg-6 vc_col-md-4&#8243;]<!-- Start Lottier for WPBakery WordPress Plugin --><div id=\"mdp-lottier-box-5ef492967fb671597dff2a6fbe7a9787\" >\n\t    \t    <div class=\"mdp-lottier-svg\">\n\t\t    <div class=\"mdp-lottier-player\"\n\t\t         data-autoplay=\"autoplay\"\n\t\t         data-speed=\"1\"\n\t\t         data-loop=\"true\"\n\t\t         data-controls=\"false\"\n\t\t         data-mode=\"normal\"\n\t\t    >\n\t\t\t    <!--suppress HtmlUnknownTag -->\n\t\t\t    \t\t\t    <lottie-player id=\"mdp-lottier-5ef492967fb671597dff2a6fbe7a9787\" class=\"mdp-lottier-animation \" src='https:\/\/trends.com.tn\/2022\/wp-content\/uploads\/2021\/10\/press.json'><\/lottie-player>\n\n\t\t    <\/div>\n\t    <\/div>\n\t    \n\t    \n\t    \n\t    <\/div>\n\n\t    <!-- End Lottier for WPBakery WordPress Plugin -->\n\n\t    [\/vc_column][\/vc_row][vc_row full_width=&#8221;stretch_row_content_no_spaces&#8221; kd_background_image_position=&#8221;vc_row-bg-position-top&#8221; css=&#8221;.vc_custom_1606475232051{padding-bottom: 100px !important;}&#8221;][vc_column]<div class=\"kd-calltoaction\" >\n                <div class=\"container\">\n                  <div class=\"cta-text-container kd-animated fadeIn\" data-animation-delay=\"200\"><div class=\"cta-text\"><h2 >Parmi nos derniers projets<\/h2><p >D\u00e9couvrez les entreprises qui nous ont fait confiance et comment nous les avons aid\u00e9es \u00e0 mettre en place ou d\u00e9velopper leurs activit\u00e9s.<\/p><\/div>\n                    <\/div>\n                    <div class=\"cta-btncontainer\"><a href=\"\/projets\"  title=\"\" class=\"tt_button tt_secondary_button btn_primary_color  button-action-link icon_right kd-animated zoomIn\" data-animation-delay=\"200\">Nos Projets<span class=\"fas fa-chevron-right iconita\" ><\/span><\/a><\/div>\n                <\/div>\n            <\/div>[vc_row_inner full_width=&#8221;inner_row_contained&#8221; kd_background_image_position=&#8221;vc_row-bg-position-top&#8221;][vc_column_inner][vc_basic_grid post_type=&#8221;portfolio&#8221; max_items=&#8221;6&#8243; element_width=&#8221;2&#8243; paging_design=&#8221;none&#8221; loop=&#8221;yes&#8221; autoplay=&#8221;8&#8243; grid_id=&#8221;vc_gid:1636122827967-c920d4dcb215f7d008b914fdc2ea72a0-2&#8243; el_class=&#8221;fullwidth-carousel&#8221; exclude=&#8221;7613, 7611, 7605, 7603&#8243;][\/vc_column_inner][\/vc_row_inner][\/vc_column][\/vc_row][vc_row full_width=&#8221;stretch_row&#8221; kd_background_image_position=&#8221;vc_row-bg-position-top&#8221; kd_bottom_separator_style=&#8221;static-waves&#8221; kd_bottom_separator_height=&#8221;separator-height-large&#8221; kd_background_overlay=&#8221;true&#8221; kd_bottom_separator=&#8221;true&#8221; kd_bottom_separator_flip_y=&#8221;true&#8221; css=&#8221;.vc_custom_1599063646412{padding-top: 35px !important;padding-bottom: 460px !important;}&#8221; el_class=&#8221;zindex0&#8243;][vc_column css=&#8221;.vc_custom_1515677064675{padding-right: 0px !important;padding-left: 0px !important;}&#8221;]<div class=\"kd-calltoaction\" >\n                <div class=\"container\">\n                  <div class=\"cta-text-container kd-animated fadeIn\" data-animation-delay=\"200\"><div class=\"cta-text\"><h2 >L'ACTUALIT\u00c9 DU DIGITAL #TRENDS<\/h2><p >D\u00e9couvrez les entreprises qui nous ont fait confiance et comment nous les avons aid\u00e9es \u00e0 mettre en place ou d\u00e9velopper leurs activit\u00e9s.<\/p><\/div>\n                    <\/div>\n                    <div class=\"cta-btncontainer\"><a href=\"\/blog\"  title=\"\" class=\"tt_button tt_secondary_button btn_primary_color  button-action-link icon_right kd-animated zoomIn\" data-animation-delay=\"200\">Voir toutes les actualit\u00e9s<span class=\"fas fa-chevron-right iconita\" ><\/span><\/a><\/div>\n                <\/div>\n            <\/div>[\/vc_column][\/vc_row][vc_row kd_background_image_position=&#8221;vc_row-bg-position-top&#8221;][vc_column][vc_basic_grid post_type=&#8221;post&#8221; max_items=&#8221;3&#8243; item=&#8221;3729&#8243; grid_id=&#8221;vc_gid:1636122828225-205e921de46cbff16c148eb606f8d9a4-0&#8243; css=&#8221;.vc_custom_1598440930341{margin-top: -447px !important;}&#8221;][\/vc_column][\/vc_row][vc_row full_width=&#8221;stretch_row&#8221; kd_background_image_position=&#8221;vc_row-bg-position-top&#8221;][vc_column][vc_row_inner full_width=&#8221;inner_row_contained&#8221; kd_background_image_position=&#8221;vc_row-bg-position-top&#8221; css=&#8221;.vc_custom_1635637799426{padding-top: 40px !important;padding-bottom: 120px !important;}&#8221;][vc_column_inner]<div class=\"slider clients opacity-effect kd-client-69e1b5c161e8b black-navigation \"><div class=\"clients-content kd-animated fadeInUp\" ><img loading=\"lazy\" decoding=\"async\" width=\"119\" height=\"102\" src=\"https:\/\/trends.com.tn\/2022\/wp-content\/uploads\/2021\/10\/UN.webp\" class=\"attachment-full\" alt=\"\" \/><\/div><div class=\"clients-content kd-animated fadeInUp\" data-animation-delay=200><img loading=\"lazy\" decoding=\"async\" width=\"208\" height=\"80\" src=\"https:\/\/trends.com.tn\/2022\/wp-content\/uploads\/2021\/10\/logo-oim.webp\" class=\"attachment-full\" alt=\"\" \/><\/div><div class=\"clients-content kd-animated fadeInUp\" data-animation-delay=400><img loading=\"lazy\" decoding=\"async\" width=\"122\" height=\"122\" src=\"https:\/\/trends.com.tn\/2022\/wp-content\/uploads\/2021\/10\/iacelogotrends.webp\" class=\"attachment-full\" alt=\"\" \/><\/div><div class=\"clients-content kd-animated fadeInUp\" data-animation-delay=600><img loading=\"lazy\" decoding=\"async\" width=\"362\" height=\"94\" src=\"https:\/\/trends.com.tn\/2022\/wp-content\/uploads\/2021\/10\/GIZ.webp\" class=\"attachment-full\" alt=\"\" srcset=\"https:\/\/trends.com.tn\/2022\/wp-content\/uploads\/2021\/10\/GIZ.webp 362w, https:\/\/trends.com.tn\/2022\/wp-content\/uploads\/2021\/10\/GIZ-300x78.webp 300w\" sizes=\"auto, (max-width: 362px) 100vw, 362px\" \/><\/div><div class=\"clients-content kd-animated fadeInUp\" data-animation-delay=800><img loading=\"lazy\" decoding=\"async\" width=\"128\" height=\"100\" src=\"https:\/\/trends.com.tn\/2022\/wp-content\/uploads\/2021\/10\/cE.webp\" class=\"attachment-full\" alt=\"\" \/><\/div><div class=\"clients-content kd-animated fadeInUp\" data-animation-delay=1000><img loading=\"lazy\" decoding=\"async\" width=\"302\" height=\"90\" src=\"https:\/\/trends.com.tn\/2022\/wp-content\/uploads\/2021\/10\/usaid.webp\" class=\"attachment-full\" alt=\"\" srcset=\"https:\/\/trends.com.tn\/2022\/wp-content\/uploads\/2021\/10\/usaid.webp 302w, https:\/\/trends.com.tn\/2022\/wp-content\/uploads\/2021\/10\/usaid-300x89.webp 300w\" sizes=\"auto, (max-width: 302px) 100vw, 302px\" \/><\/div><div class=\"clients-content \" ><img loading=\"lazy\" decoding=\"async\" width=\"222\" height=\"100\" src=\"https:\/\/trends.com.tn\/2022\/wp-content\/uploads\/2021\/10\/unfpa.webp\" class=\"attachment-full\" alt=\"\" \/><\/div><div class=\"clients-content \" ><img loading=\"lazy\" decoding=\"async\" width=\"222\" height=\"100\" src=\"https:\/\/trends.com.tn\/2022\/wp-content\/uploads\/2021\/10\/unfpa.webp\" class=\"attachment-full\" alt=\"\" \/><\/div><div class=\"clients-content \" ><img loading=\"lazy\" decoding=\"async\" width=\"222\" height=\"100\" src=\"https:\/\/trends.com.tn\/2022\/wp-content\/uploads\/2021\/10\/unfpa.webp\" class=\"attachment-full\" alt=\"\" \/><\/div><div class=\"clients-content \" ><img loading=\"lazy\" decoding=\"async\" width=\"222\" height=\"100\" src=\"https:\/\/trends.com.tn\/2022\/wp-content\/uploads\/2021\/10\/unfpa.webp\" class=\"attachment-full\" alt=\"\" \/><\/div><div class=\"clients-content \" ><img loading=\"lazy\" decoding=\"async\" width=\"222\" height=\"100\" src=\"https:\/\/trends.com.tn\/2022\/wp-content\/uploads\/2021\/10\/unfpa.webp\" class=\"attachment-full\" alt=\"\" \/><\/div><\/div><script>\r\n              jQuery(document).ready(function($){\r\n                if ($(\".slider.clients.kd-client-69e1b5c161e8b\").length) {\r\n                  $(\".slider.clients.kd-client-69e1b5c161e8b\").owlCarousel({\r\n                    stageClass: \"owl-wrapper\",\r\n                    stageOuterClass: \"owl-wrapper-outer\",\r\n                    loadedClass: \"owl-carousel\",\r\n                    responsiveClass:true,\r\n                    responsive:{\r\n                      0:{\r\n                          items:2,nav: true,\r\n                            navSpeed: 500,\r\n                            dots: false,},\r\n                      415:{\r\n                          items:3,nav: true,\r\n                            navSpeed: 500,\r\n                            dots: false,},\r\n                      960:{\r\n                          items:6,dots: true,\r\n                              nav: false,\r\n                              dotsSpeed: 200,\r\n                              dotsEach: false,}\r\n                    },loop: true,\r\n                  });\r\n                }\r\n              });\r\n            <\/script>[\/vc_column_inner][\/vc_row_inner][\/vc_column][\/vc_row]<\/p>\n","protected":false},"excerpt":{"rendered":"<p>[vc_row full_width=&#8221;stretch_row&#8221; content_placement=&#8221;middle&#8221; kd_background_image_position=&#8221;vc_row-bg-position-top&#8221; css=&#8221;.vc_custom_1635675873734{padding-top: 100px !important;padding-bottom: 90px !important;background-color: #edf1f5 !important;background-position: center !important;background-repeat: no-repeat !important;background-size: cover !important;}&#8221; el_class=&#8221;intro-section&#8221; css_tablet_portrait=&#8221;.vc_custom_1635675873734{padding-top: 100px [&hellip;]<\/p>\n","protected":false},"author":1,"featured_media":0,"parent":9929,"menu_order":0,"comment_status":"closed","ping_status":"closed","template":"","meta":{"footnotes":""},"class_list":["post-10048","page","type-page","status-publish","hentry"],"_links":{"self":[{"href":"https:\/\/trends.com.tn\/2022\/wp-json\/wp\/v2\/pages\/10048","targetHints":{"allow":["GET"]}}],"collection":[{"href":"https:\/\/trends.com.tn\/2022\/wp-json\/wp\/v2\/pages"}],"about":[{"href":"https:\/\/trends.com.tn\/2022\/wp-json\/wp\/v2\/types\/page"}],"author":[{"embeddable":true,"href":"https:\/\/trends.com.tn\/2022\/wp-json\/wp\/v2\/users\/1"}],"replies":[{"embeddable":true,"href":"https:\/\/trends.com.tn\/2022\/wp-json\/wp\/v2\/comments?post=10048"}],"version-history":[{"count":2,"href":"https:\/\/trends.com.tn\/2022\/wp-json\/wp\/v2\/pages\/10048\/revisions"}],"predecessor-version":[{"id":10247,"href":"https:\/\/trends.com.tn\/2022\/wp-json\/wp\/v2\/pages\/10048\/revisions\/10247"}],"up":[{"embeddable":true,"href":"https:\/\/trends.com.tn\/2022\/wp-json\/wp\/v2\/pages\/9929"}],"wp:attachment":[{"href":"https:\/\/trends.com.tn\/2022\/wp-json\/wp\/v2\/media?parent=10048"}],"curies":[{"name":"wp","href":"https:\/\/api.w.org\/{rel}","templated":true}]}}