{"id":10452,"date":"2022-01-01T14:29:31","date_gmt":"2022-01-01T13:29:31","guid":{"rendered":"https:\/\/trends.com.tn\/2022\/?page_id=10452"},"modified":"2022-01-01T14:30:51","modified_gmt":"2022-01-01T13:30:51","slug":"a-propos","status":"publish","type":"page","link":"https:\/\/trends.com.tn\/2022\/a-propos\/","title":{"rendered":"A propos Trends"},"content":{"rendered":"<p>[vc_row full_width=&#8221;stretch_row&#8221; kd_background_image_position=&#8221;vc_row-bg-position-top&#8221; css=&#8221;.vc_custom_1635612724167{padding-bottom: 120px !important;background-image: url(https:\/\/trends.com.tn\/2022\/wp-content\/uploads\/2021\/10\/COLOR.webp?id=9648) !important;background-position: center !important;background-repeat: no-repeat !important;background-size: cover !important;}&#8221;][vc_column][vc_row_inner content_placement=&#8221;middle&#8221; kd_background_image_position=&#8221;vc_row-bg-position-top&#8221;][vc_column_inner css=&#8221;.vc_custom_1632217071548{padding-top: 80px !important;padding-right: 25px !important;padding-bottom: 80px !important;padding-left: 0px !important;}&#8221; offset=&#8221;vc_col-lg-offset-0 vc_col-lg-6 vc_col-md-offset-1 vc_col-sm-offset-1&#8243; css_tablet_landscape=&#8221;.vc_custom_1632217071548{padding-top: 0px !important;padding-right: 60px !important;padding-left: 0px !important;}&#8221; css_tablet_portrait=&#8221;.vc_custom_1632217071548{padding-top: 0px !important;padding-right: 30px !important;padding-left: 30px !important;}&#8221; css_mobile=&#8221;.vc_custom_1632217071549{padding-top: 0px !important;padding-right: 15px !important;padding-left: 15px !important;}&#8221;][vc_empty_space]<header class=\"kd-section-title col-lg-12 text-left  subtitle-below-title kd-animated fadeIn   vc_custom_1636118124671\" data-animation-delay=200><h2 class=\"separator_off\" style=\"margin-bottom:30px;\">La transformation digitale est une r\u00e9alit\u00e9 pour nous !<\/h2><h6 class=\"subtitle\" style=\"color: #fcfcfc;\">TRENDS est une agence de communication tunisienne qui aide les entreprises et les start-up \u00e0 d\u00e9velopper de meilleurs produits. Nous fournissons une charte graphique compl\u00e8te de la marque, des conseils strat\u00e9giques, des services de marketing de contenu, du d\u00e9veloppement Web, du d\u00e9veloppement d'applications mobiles, de l'optimisation du r\u00e9f\u00e9rencement et de la conception publicitaire. Faites-nous confiance, nous faisons plus que travailler, nous vous guidons aussi ! Coop\u00e9rez avec la meilleure agence de communication en Tunisie , pour cr\u00e9er la meilleure exp\u00e9rience.<\/h6><\/header>[\/vc_column_inner][vc_column_inner offset=&#8221;vc_col-lg-6 vc_hidden-md&#8221; css=&#8221;.vc_custom_1632217075243{padding-right: 0px !important;padding-left: 0px !important;}&#8221;]<!-- Start Lottier for WPBakery WordPress Plugin --><div id=\"mdp-lottier-box-e42f351260956c01bcf541ff2d966aff\" >\n\t    \t    <div class=\"mdp-lottier-svg\">\n\t\t    <div class=\"mdp-lottier-player\"\n\t\t         data-autoplay=\"autoplay\"\n\t\t         data-speed=\"1\"\n\t\t         data-loop=\"true\"\n\t\t         data-controls=\"false\"\n\t\t         data-mode=\"normal\"\n\t\t    >\n\t\t\t    <!--suppress HtmlUnknownTag -->\n\t\t\t    \t\t\t    <lottie-player id=\"mdp-lottier-e42f351260956c01bcf541ff2d966aff\" class=\"mdp-lottier-animation \" src='https:\/\/trends.com.tn\/2022\/wp-content\/uploads\/2021\/10\/coding.json'><\/lottie-player>\n\n\t\t    <\/div>\n\t    <\/div>\n\t    \n\t    \n\t    \n\t    <\/div>\n\n\t    <!-- End Lottier for WPBakery WordPress Plugin -->\n\n\t    [\/vc_column_inner][\/vc_row_inner][vc_separator color=&#8221;custom&#8221; accent_color=&#8221;#e7e7e7&#8243; css=&#8221;.vc_custom_1599478839328{margin-top: -1px !important;}&#8221;][\/vc_column][\/vc_row][vc_row full_width=&#8221;stretch_row&#8221; kd_background_image_position=&#8221;vc_row-bg-position-top&#8221; kd_bottom_separator_style=&#8221;static-waves&#8221; kd_bottom_separator_height=&#8221;separator-height-large&#8221; kd_background_overlay=&#8221;true&#8221; kd_bottom_separator=&#8221;true&#8221; css=&#8221;.vc_custom_1635624701251{padding-top: 100px !important;padding-bottom: 310px !important;}&#8221; el_class=&#8221;zindex0&#8243; kd_bottom_separator_bg=&#8221;#ffffff&#8221; css_tablet_landscape=&#8221;.vc_custom_1635624701252{padding-bottom: 250px !important;}&#8221; css_tablet_portrait=&#8221;.vc_custom_1635624701252{padding-bottom: 620px !important;}&#8221; css_mobile=&#8221;.vc_custom_1635624701252{padding-bottom: 600px !important;}&#8221;][vc_column css=&#8221;.vc_custom_1515677064675{padding-right: 0px !important;padding-left: 0px !important;}&#8221;]<header class=\"kd-section-title col-lg-12 text-center  subtitle-below-title kd-animated fadeIn  \" data-animation-delay=200><h2 class=\"separator_off\" style=\"font-size: 42px;\">Trends Agence web , Communication en TUNISIE<\/h2><h6 class=\"subtitle\" >CREATION SITE WEB , CONCEPTION GRAPHIQUE, CONCEPTION SITE WEB, R\u00c9F\u00c9RENCEMENT,<\/h6><\/header><header class=\"kd-section-title col-lg-12 text-center  subtitle-below-title kd-animated fadeIn  \" data-animation-delay=200><h2 class=\"separator_off\" style=\"font-size: 42px;\">Chiffres cl\u00e9s<\/h2><h6 class=\"subtitle\" >PLONGER AU C\u0152UR DE NOTREA GENCE DIGITALE<\/h6><\/header>[vc_row_inner gap=&#8221;35&#8243; kd_background_image_position=&#8221;vc_row-bg-position-top&#8221;][vc_column_inner width=&#8221;1\/4&#8243; shadow_types=&#8221;small&#8221;][vc_empty_space]<div class=\"kd_counter icon-top  kd-animated fadeInUp\" data-animation-delay=200><div class=\"kd_counter_content\"><div class=\"kd_counter_icon\"><div class=\"kd-counter-icon\"><i class=\"iconsmind-Handshake iconsmind-Business-Finance\" style=\" color: #fe2a5c; font-size: 80px;\"><\/i><\/div><\/div><h4 class=\"kd_counter_number\"><span class=\"kd_number_string\" style=\"color:#39374d;font-size:52px;font-weight:500;\" data-from=\"0\" data-to=\"520\" data-refresh-interval=\"50\">0<\/span><span class=\"kd_counter_units\" style=\"color:#39374d;font-size:52px;font-weight:500;\">+<\/span><\/h4><div class=\"kd_counter_text\" >Projets r\u00e9alis\u00e9s<\/div><\/div><\/div>[vc_empty_space][\/vc_column_inner][vc_column_inner width=&#8221;1\/4&#8243; shadow_types=&#8221;small&#8221;][vc_empty_space]<div class=\"kd_counter icon-top  kd-animated fadeInUp\" data-animation-delay=200><div class=\"kd_counter_content\"><div class=\"kd_counter_icon\"><div class=\"kd-counter-icon\"><i class=\"iconsmind-Eye-Blind iconsmind-Bodypart\" style=\" color: #fe2a5c; font-size: 80px;\"><\/i><\/div><\/div><h4 class=\"kd_counter_number\"><span class=\"kd_number_string\" style=\"color:#39374d;font-size:52px;font-weight:500;\" data-from=\"0\" data-to=\"360\" data-refresh-interval=\"50\">0<\/span><\/h4><div class=\"kd_counter_text\" >Content<\/div><\/div><\/div>[vc_empty_space][\/vc_column_inner][vc_column_inner width=&#8221;1\/4&#8243; shadow_types=&#8221;small&#8221;][vc_empty_space]<div class=\"kd_counter icon-top  kd-animated fadeInUp\" data-animation-delay=200><div class=\"kd_counter_content\"><div class=\"kd_counter_icon\"><div class=\"kd-counter-icon\"><i class=\"iconsmind-Speach-BubbleDialog iconsmind-Speech-Bubbles\" style=\" color: #fe2a5c; font-size: 80px;\"><\/i><\/div><\/div><h4 class=\"kd_counter_number\"><span class=\"kd_number_string\" style=\"color:#39374d;font-size:52px;font-weight:500;\" data-from=\"0\" data-to=\"20\" data-refresh-interval=\"50\">0<\/span><span class=\"kd_counter_units\" style=\"color:#39374d;font-size:52px;font-weight:500;\">+<\/span><\/h4><div class=\"kd_counter_text\" >millions d'engagement dans les r\u00e9seaux sociaux 2021<\/div><\/div><\/div>[vc_empty_space][\/vc_column_inner][vc_column_inner width=&#8221;1\/4&#8243; shadow_types=&#8221;small&#8221;][vc_empty_space]<div class=\"kd_counter icon-top  kd-animated fadeInUp\" data-animation-delay=200><div class=\"kd_counter_content\"><div class=\"kd_counter_icon\"><div class=\"kd-counter-icon\"><i class=\"iconsmind-Building iconsmind-Buildings-Landmarks\" style=\" color: #fe2a5c; font-size: 80px;\"><\/i><\/div><\/div><h4 class=\"kd_counter_number\"><span class=\"kd_number_string\" style=\"color:#39374d;font-size:52px;font-weight:500;\" data-from=\"0\" data-to=\"95\" data-refresh-interval=\"50\">0<\/span><span class=\"kd_counter_units\" style=\"color:#39374d;font-size:52px;font-weight:500;\">+<\/span><\/h4><div class=\"kd_counter_text\" >Projets r\u00e9alis\u00e9s<\/div><\/div><\/div>[vc_empty_space][\/vc_column_inner][\/vc_row_inner][\/vc_column][\/vc_row][vc_row full_width=&#8221;stretch_row_content_no_spaces&#8221; kd_background_image_position=&#8221;vc_row-bg-position-top&#8221;][vc_column]<script>\r\n\r\n                    function initKdMap_kd69e739eb00796() {\r\n                      var map_kd69e739eb00796;\r\n        \t\t\t\t\t\t\tvar gmap_location_kd69e739eb00796 = new google.maps.LatLng(36.839493, 10.2442225);\r\n        \t\t\t\t\t\t\tvar GMAP_MODULE_kd69e739eb00796 = \"customMap\";\r\n      \t\t\t\t\t\t\t\tvar featureOpts = [\r\n      \t\t\t\t\t\t\t\t\t\t\t{\r\n      \t\t\t\t\t\t\t\t\t\t\t  stylers: [\r\n      \t\t\t\t\t\t\t\t\t\t\t\t{ \"visibility\": \"on\" },\r\n      \t\t\t\t\t\t\t\t\t\t\t\t{ \"weight\": 1 },\r\n      \t\t\t\t\t\t\t\t\t\t\t\t{ \"saturation\": -100 },\r\n      \t\t\t\t\t\t\t\t\t\t\t\t{ \"lightness\": 50 },\r\n      \t\t\t\t\t\t\t\t\t\t\t\t{ \"gamma\": 1 }\r\n      \t\t\t\t\t\t\t\t\t\t\t  ]\r\n      \t\t\t\t\t\t\t\t\t\t\t}, {\r\n                                featureType: \"poi\",\r\n                                stylers: [\r\n                                  { \"visibility\": \"off\" }\r\n                                ]\r\n                              }\r\n      \t\t\t\t\t\t\t\t\t\t];\r\n      \t\t\t\t\t\t\t\tvar mapOptions = {\r\n      \t\t\t\t\t\t\t\t\tzoom: 18,\r\n      \t\t\t\t\t\t\t\t\tcenter: gmap_location_kd69e739eb00796,\r\n                        scrollwheel: false,\r\n      \t\t\t\t\t\t\t\t\tmapTypeControlOptions: {\r\n      \t\t\t\t\t\t\t\t\t\tmapTypeIds: [google.maps.MapTypeId.ROADMAP, GMAP_MODULE_kd69e739eb00796]\r\n      \t\t\t\t\t\t\t\t\t},\r\n      \t\t\t\t\t\t\t\t\tmapTypeId: GMAP_MODULE_kd69e739eb00796\r\n      \t\t\t\t\t\t\t\t};\r\n      \t\t\t\t\t\t\t\tmap_kd69e739eb00796 = new google.maps.Map(document.getElementById(\"kd69e739eb00796\"), mapOptions);\r\n      \t\t\t\t\t\t\t\tmarker_kd69e739eb00796 = new google.maps.Marker({\r\n      \t\t\t\t\t\t\t\t\tmap: map_kd69e739eb00796,\r\n      \t\t\t\t\t\t\t\t\tdraggable: false,\r\n      \t\t\t\t\t\t\t\t\tanimation: google.maps.Animation.DROP,\r\n      \t\t\t\t\t\t\t\t\tposition: gmap_location_kd69e739eb00796,\r\n      \t\t\t\t\t\t\t\t\ticon: \"https:\/\/trends.com.tn\/2022\/wp-content\/uploads\/2021\/11\/map-marker-secondary.webp\"\r\n                      });\r\n                      var viewportwidth;\r\n\r\n                      if (typeof window.innerWidth != \"undefined\") {\r\n                            viewportwidth = window.innerWidth;\r\n                      }if ( viewportwidth >= 960 ) {\r\n                          map_kd69e739eb00796.panBy(300, 0);\r\n                        }google.maps.event.addListener(marker_kd69e739eb00796, \"click\", function() {\r\n      \t\t\t\t\t\t\t\t\tif (marker_kd69e739eb00796.getAnimation() != null) {\r\n      \t\t\t\t\t\t\t\t\t\tmarker_kd69e739eb00796.setAnimation(null);\r\n      \t\t\t\t\t\t\t\t\t} else {\r\n      \t\t\t\t\t\t\t\t\t\tmarker_kd69e739eb00796.setAnimation(google.maps.Animation.BOUNCE);\r\n      \t\t\t\t\t\t\t\t\t}\r\n      \t\t\t\t\t\t\t\t});\r\n      \t\t\t\t\t\t\t\tvar styledMapOptions = {\r\n      \t\t\t\t\t\t\t\t\tname: \"TRENDS COMPANY\"\r\n      \t\t\t\t\t\t\t\t};\r\n      \t\t\t\t\t\t\t\tvar customMapType_kd69e739eb00796 = new google.maps.StyledMapType(featureOpts, styledMapOptions);\r\n      \t\t\t\t\t\t\t\tmap_kd69e739eb00796.mapTypes.set(GMAP_MODULE_kd69e739eb00796, customMapType_kd69e739eb00796);\r\n                      }\r\n                      jQuery(window).on(\"load\", function() {\r\n                        initKdMap_kd69e739eb00796();\r\n                      });\r\n      \t\t\t\t\t\t<\/script><div class=\"contact-map-container right_info_panel\" style=\"height: 720px;\"><div class=\"business-info-wrapper\">\r\n                        <span class=\"fas fa-times toggle-map-info\"><\/span>\r\n                          <div class=\"business-address-row\"><i class=\"fas sway-map-pin\"><\/i><h4 class=\"map-address-title\">LES BERGES DU LAC 1 R\u00c9SIDENCE DU LAC DU RUE LAC VICTORIA TUNIS\u060c APP 32, BLOC G<\/h4><\/div>\r\n                          <div class=\"business-phone-row\"><i class=\"fas sway-phone-topbar\"><\/i><h4 class=\"map-phone-title\">+216 70 037 361<\/h4><\/div>\r\n                          <div class=\"business-opening-hours\"><i class=\"far fa-clock\"><\/i><h4 class=\"map-opening-hours-title\">Heures d\u2019ouverture<\/h4><div class=\"business-info-schedule\"><div class=\"business-info-day\"><span class=\"business-info-day-name\">Lun \u2013 Ven<\/span><span class=\"business-info-day-hours\">9h ->18h<\/span><\/div><div class=\"business-info-day\"><span class=\"business-info-day-name\">Samedi<\/span><span class=\"business-info-day-hours\"> 9h -> 14h<\/span><\/div><\/div>\r\n                        <\/div>\r\n                    <\/div><div id=\"kd69e739eb00796\" class=\"kd_map\" style=\"height: 720px;\"><\/div>\r\n\r\n            <\/div>[\/vc_column][\/vc_row]<\/p>\n","protected":false},"excerpt":{"rendered":"<p>[vc_row full_width=&#8221;stretch_row&#8221; kd_background_image_position=&#8221;vc_row-bg-position-top&#8221; css=&#8221;.vc_custom_1635612724167{padding-bottom: 120px !important;background-image: url(https:\/\/trends.com.tn\/2022\/wp-content\/uploads\/2021\/10\/COLOR.webp?id=9648) !important;background-position: center !important;background-repeat: no-repeat !important;background-size: cover !important;}&#8221;][vc_column][vc_row_inner content_placement=&#8221;middle&#8221; kd_background_image_position=&#8221;vc_row-bg-position-top&#8221;][vc_column_inner css=&#8221;.vc_custom_1632217071548{padding-top: 80px !important;padding-right: 25px [&hellip;]<\/p>\n","protected":false},"author":1,"featured_media":0,"parent":0,"menu_order":0,"comment_status":"closed","ping_status":"closed","template":"","meta":{"footnotes":""},"class_list":["post-10452","page","type-page","status-publish","hentry"],"_links":{"self":[{"href":"https:\/\/trends.com.tn\/2022\/wp-json\/wp\/v2\/pages\/10452","targetHints":{"allow":["GET"]}}],"collection":[{"href":"https:\/\/trends.com.tn\/2022\/wp-json\/wp\/v2\/pages"}],"about":[{"href":"https:\/\/trends.com.tn\/2022\/wp-json\/wp\/v2\/types\/page"}],"author":[{"embeddable":true,"href":"https:\/\/trends.com.tn\/2022\/wp-json\/wp\/v2\/users\/1"}],"replies":[{"embeddable":true,"href":"https:\/\/trends.com.tn\/2022\/wp-json\/wp\/v2\/comments?post=10452"}],"version-history":[{"count":4,"href":"https:\/\/trends.com.tn\/2022\/wp-json\/wp\/v2\/pages\/10452\/revisions"}],"predecessor-version":[{"id":10456,"href":"https:\/\/trends.com.tn\/2022\/wp-json\/wp\/v2\/pages\/10452\/revisions\/10456"}],"wp:attachment":[{"href":"https:\/\/trends.com.tn\/2022\/wp-json\/wp\/v2\/media?parent=10452"}],"curies":[{"name":"wp","href":"https:\/\/api.w.org\/{rel}","templated":true}]}}