{"id":9889,"date":"2021-10-31T15:12:53","date_gmt":"2021-10-31T14:12:53","guid":{"rendered":"https:\/\/trends.com.tn\/2022\/?page_id=9889"},"modified":"2021-11-05T16:06:31","modified_gmt":"2021-11-05T15:06:31","slug":"agence-web-tunisie","status":"publish","type":"page","link":"https:\/\/trends.com.tn\/2022\/agence-web-tunisie\/","title":{"rendered":"Agence Web- Tunisie"},"content":{"rendered":"<p>[vc_row full_width=&#8221;stretch_row&#8221; content_placement=&#8221;middle&#8221; kd_background_image_position=&#8221;vc_row-bg-position-top&#8221; css=&#8221;.vc_custom_1635675873734{padding-top: 100px !important;padding-bottom: 90px !important;background-color: #edf1f5 !important;background-position: center !important;background-repeat: no-repeat !important;background-size: cover !important;}&#8221; el_class=&#8221;intro-section&#8221; css_tablet_portrait=&#8221;.vc_custom_1635675873734{padding-top: 100px !important;}&#8221; css_mobile=&#8221;.vc_custom_1635675873734{padding-top: 100px !important;}&#8221;][vc_column width=&#8221;1\/2&#8243; offset=&#8221;vc_col-lg-6 vc_col-md-8&#8243;][vc_row_inner content_placement=&#8221;middle&#8221; kd_background_image_position=&#8221;vc_row-bg-position-top&#8221;][vc_column_inner css=&#8221;.vc_custom_1598355366512{margin-left: 0px !important;padding-right: 0px !important;padding-left: 0px !important;}&#8221;]<div class=\"kd-title-label text-left    kd-animated fadeIn\" data-animation-delay=200><span class=\"kd-title-label-solid\">TRENDS<\/span><span class=\"kd-title-label-transparent\">Agence Web en Tunisie<\/span><\/div><header class=\"kd-section-title col-lg-12 text-left  subtitle-below-title kd-animated fadeIn   vc_custom_1636124771867\" data-animation-delay=200><h1 class=\"separator_off\" style=\"font-size: 60px;line-height: 60px;\">Agence de d\u00e9veloppement web en Tunisie<\/h1><h6 class=\"subtitle\" style=\"font-size:16 px;\">Agence de d\u00e9veloppement web en Tunisie<br \/>\nNe perdez pas de temps \u00e0 cr\u00e9er une forte pr\u00e9sence digitale qui am\u00e9liorera votre visibilit\u00e9, votre cr\u00e9dibilit\u00e9 et la croissance de votre entreprise.<br \/>\nNous cr\u00e9ons des sites web dynamiques, modernes et robustes, optimis\u00e9s pour le r\u00e9f\u00e9rencement naturel et adapt\u00e9s aux t\u00e9l\u00e9phones portables.<\/p>\n<p>Trends : est une agence web tunisienne. Gr\u00e2ce \u00e0 notre exp\u00e9rience et notre expertise du web, nous d\u00e9veloppons votre projet web  , en nous appuyant sur les derni\u00e8res technologies tout en respectant votre cahier des charges et vos documents personnalis\u00e9s tels que la charte graphique ou votre  contenu.<br \/>\nNotre objectif ultime dans chaque projet est la cr\u00e9ation d' un site web ou d'une application sur mesure et personnalis\u00e9.<br \/>\n<\/h6><\/header>[\/vc_column_inner][\/vc_row_inner][\/vc_column][vc_column width=&#8221;1\/2&#8243; css=&#8221;.vc_custom_1599047585907{margin-right: 0px !important;}&#8221; offset=&#8221;vc_col-lg-6 vc_col-md-4&#8243;]<!-- Start Lottier for WPBakery WordPress Plugin --><div id=\"mdp-lottier-box-e42f351260956c01bcf541ff2d966aff\" >\n\t    \t    <div class=\"mdp-lottier-svg\">\n\t\t    <div class=\"mdp-lottier-player\"\n\t\t         data-autoplay=\"autoplay\"\n\t\t         data-speed=\"1\"\n\t\t         data-loop=\"true\"\n\t\t         data-controls=\"false\"\n\t\t         data-mode=\"normal\"\n\t\t    >\n\t\t\t    <!--suppress HtmlUnknownTag -->\n\t\t\t    \t\t\t    <lottie-player id=\"mdp-lottier-e42f351260956c01bcf541ff2d966aff\" class=\"mdp-lottier-animation \" src='https:\/\/trends.com.tn\/2022\/wp-content\/uploads\/2021\/10\/coding.json'><\/lottie-player>\n\n\t\t    <\/div>\n\t    <\/div>\n\t    \n\t    \n\t    \n\t    <\/div>\n\n\t    <!-- End Lottier for WPBakery WordPress Plugin -->\n\n\t    [\/vc_column][\/vc_row][vc_row kd_background_image_position=&#8221;vc_row-bg-position-top&#8221; css=&#8221;.vc_custom_1635682110208{margin-bottom: 100px !important;background-color: #ffffff !important;}&#8221;][vc_column]<div class=\"feature-sections-wrapper navigation-icons kd-fsp-69e1b1db72a82\">\r\n            <div class=\"feature-sections-tabs  \">\r\n              <nav class=\"kd-feature-tabs\">\r\n                <ul class=\"nav nav-tabs sticky-tabs container\">\r\n                <\/ul>\r\n              <\/nav>\r\n            <\/div>\r\n            <section id=\"SITESURMESURE\" class=\"featured-right \"><li class=\"nav-label\"><a class=\"feature-tabs-scroll\" href=\"#SITESURMESURE\"><span class=\"nav-number\"><\/span><i class=\"iconsmind-File-HTML iconsmind-Files-Class fss-nav-icon\" style=\" \"><\/i> SITE SUR MESURE<\/a><\/li><div class=\"container\">\r\n                <div class=\"side-content-wrapper kd-animated fadeInLeft\" data-animation-delay=\"200\"><h2 class=\"side-content-title\" >SITE SUR MESURE<\/h2><h6 class=\"side-content-subtitle\" >Il s'agit d'un d\u00e9veloppement sur mesure d'un ensemble de fonctionnalit\u00e9s Web sp\u00e9cifiques adapt\u00e9es \u00e0 vos besoins et d\u00e9velopp\u00e9es selon un cahier des charges clairement d\u00e9fini.<\/h6><\/div><div class=\"side-featured-wrapper fss-rectangle kd-animated fadeInRight\" data-animation-delay=\"200\">\r\n      <div class=\"featured-image\"><img loading=\"lazy\" decoding=\"async\" width=\"1100\" height=\"828\" src=\"https:\/\/trends.com.tn\/2022\/wp-content\/uploads\/2021\/10\/site-sur-mesure.png\" class=\"attachment-full\" alt=\"\" srcset=\"https:\/\/trends.com.tn\/2022\/wp-content\/uploads\/2021\/10\/site-sur-mesure.png 1100w, https:\/\/trends.com.tn\/2022\/wp-content\/uploads\/2021\/10\/site-sur-mesure-300x226.png 300w, https:\/\/trends.com.tn\/2022\/wp-content\/uploads\/2021\/10\/site-sur-mesure-1024x771.png 1024w, https:\/\/trends.com.tn\/2022\/wp-content\/uploads\/2021\/10\/site-sur-mesure-768x578.png 768w\" sizes=\"auto, (max-width: 1100px) 100vw, 1100px\" \/><\/div>\r\n    <\/div><\/div>\r\n            <\/section><section id=\"SITEWEBVITRINE\" class=\"featured-left \"><li class=\"nav-label\"><a class=\"feature-tabs-scroll\" href=\"#SITEWEBVITRINE\"><span class=\"nav-number\"><\/span><i class=\"iconsmind-Laptop-3 iconsmind-Desktop-apps fss-nav-icon\" style=\" \"><\/i> SITE WEB VITRINE<\/a><\/li><div class=\"container\">\r\n                <div class=\"side-content-wrapper kd-animated fadeInRight\" data-animation-delay=\"200\"><h2 class=\"side-content-title\" >SITE WEB VITRINE<\/h2><h6 class=\"side-content-subtitle\" >Site web de quelques pages, montrant vos activit\u00e9s, vos services, vos r\u00e9f\u00e9rences selon votre identit\u00e9 graphique, et pouvant attirer vos nouveaux clients<\/h6><\/div><div class=\"side-featured-wrapper fss-rectangle kd-animated fadeInLeft\" data-animation-delay=\"200\">\r\n      <div class=\"featured-image\"><img loading=\"lazy\" decoding=\"async\" width=\"1100\" height=\"828\" src=\"https:\/\/trends.com.tn\/2022\/wp-content\/uploads\/2021\/10\/stat.png\" class=\"attachment-full\" alt=\"\" srcset=\"https:\/\/trends.com.tn\/2022\/wp-content\/uploads\/2021\/10\/stat.png 1100w, https:\/\/trends.com.tn\/2022\/wp-content\/uploads\/2021\/10\/stat-300x226.png 300w, https:\/\/trends.com.tn\/2022\/wp-content\/uploads\/2021\/10\/stat-1024x771.png 1024w, https:\/\/trends.com.tn\/2022\/wp-content\/uploads\/2021\/10\/stat-768x578.png 768w\" sizes=\"auto, (max-width: 1100px) 100vw, 1100px\" \/><\/div>\r\n    <\/div><\/div>\r\n            <\/section><section id=\"SITEWEBECOMMERCE\" class=\"featured-right \"><li class=\"nav-label\"><a class=\"feature-tabs-scroll\" href=\"#SITEWEBECOMMERCE\"><span class=\"nav-number\"><\/span><i class=\"iconsmind-Car-Coins iconsmind-Shopping-E-commerce fss-nav-icon\" style=\" \"><\/i> SITE WEB E-COMMERCE<\/a><\/li><div class=\"container\">\r\n                <div class=\"side-content-wrapper kd-animated fadeInLeft\" data-animation-delay=\"200\"><h2 class=\"side-content-title\" >SITE WEB E-COMMERCE<\/h2><h6 class=\"side-content-subtitle\" >Ce site e-commerce est une boutique en ligne qui vous permet d'utiliser votre carte bancaire et vendre 100% de vos produits sur Internet de mani\u00e8re s\u00e9curis\u00e9e, quelles que soient les restrictions g\u00e9ographiques<\/h6><\/div><div class=\"side-featured-wrapper fss-rectangle kd-animated fadeInRight\" data-animation-delay=\"200\">\r\n      <div class=\"featured-image\"><img loading=\"lazy\" decoding=\"async\" width=\"1100\" height=\"828\" src=\"https:\/\/trends.com.tn\/2022\/wp-content\/uploads\/2021\/10\/e-commer.png\" class=\"attachment-full\" alt=\"\" srcset=\"https:\/\/trends.com.tn\/2022\/wp-content\/uploads\/2021\/10\/e-commer.png 1100w, https:\/\/trends.com.tn\/2022\/wp-content\/uploads\/2021\/10\/e-commer-300x226.png 300w, https:\/\/trends.com.tn\/2022\/wp-content\/uploads\/2021\/10\/e-commer-1024x771.png 1024w, https:\/\/trends.com.tn\/2022\/wp-content\/uploads\/2021\/10\/e-commer-768x578.png 768w\" sizes=\"auto, (max-width: 1100px) 100vw, 1100px\" \/><\/div>\r\n    <\/div><\/div>\r\n            <\/section><section id=\"SITEWEBE-CATALOGUE\" class=\"featured-left \"><li class=\"nav-label\"><a class=\"feature-tabs-scroll\" href=\"#SITEWEBE-CATALOGUE\"><span class=\"nav-number\"><\/span><i class=\"iconsmind-Shop-2 iconsmind-Shopping-E-commerce fss-nav-icon\" style=\" \"><\/i> SITE WEB E-CATALOGUE<\/a><\/li><div class=\"container\">\r\n                <div class=\"side-content-wrapper kd-animated fadeInRight\" data-animation-delay=\"200\"><h2 class=\"side-content-title\" >SITE WEB E-CATALOGUE<\/h2><h6 class=\"side-content-subtitle\" >Le site du catalogue \u00e9lectronique de produits se situe entre le site vitrine et le site de e-commerce.Vous pouvez afficher tous vos produits avec des fonctions e-commerce sans module de paiement en ligne.<\/h6><\/div><div class=\"side-featured-wrapper fss-rectangle kd-animated fadeInLeft\" data-animation-delay=\"200\">\r\n      <div class=\"featured-image\"><img loading=\"lazy\" decoding=\"async\" width=\"1100\" height=\"828\" src=\"https:\/\/trends.com.tn\/2022\/wp-content\/uploads\/2021\/10\/e-ca.png\" class=\"attachment-full\" alt=\"\" srcset=\"https:\/\/trends.com.tn\/2022\/wp-content\/uploads\/2021\/10\/e-ca.png 1100w, https:\/\/trends.com.tn\/2022\/wp-content\/uploads\/2021\/10\/e-ca-300x226.png 300w, https:\/\/trends.com.tn\/2022\/wp-content\/uploads\/2021\/10\/e-ca-1024x771.png 1024w, https:\/\/trends.com.tn\/2022\/wp-content\/uploads\/2021\/10\/e-ca-768x578.png 768w\" sizes=\"auto, (max-width: 1100px) 100vw, 1100px\" \/><\/div>\r\n    <\/div><\/div>\r\n            <\/section>\r\n            <\/div><style>.feature-sections-wrapper.kd-fsp-69e1b1db72a82 .feature-sections-tabs { background-color: #ffffff; }<\/style>[\/vc_column][\/vc_row][vc_row full_width=&#8221;stretch_row_content_no_spaces&#8221; kd_background_image_position=&#8221;vc_row-bg-position-top&#8221;][vc_column css=&#8221;.vc_custom_1597665991208{padding-right: 0px !important;padding-left: 0px !important;}&#8221;][vc_row_inner full_width=&#8221;inner_row_contained&#8221; kd_background_image_position=&#8221;vc_row-bg-position-top&#8221; css=&#8221;.vc_custom_1635693159920{margin-right: 60px !important;margin-left: 60px !important;padding-top: 160px !important;padding-bottom: 165px !important;background-image: url(https:\/\/trends.com.tn\/2022\/wp-content\/uploads\/2021\/10\/agence-web-tunisie.jpg?id=9903) !important;background-position: center !important;background-repeat: no-repeat !important;background-size: cover !important;border-radius: 50px !important;}&#8221; css_tablet_portrait=&#8221;.vc_custom_1635693159920{margin-right: 0px !important;margin-left: 0px !important;padding-top: 100px !important;padding-bottom: 100px !important;border-radius: 0px !important;}&#8221; css_mobile=&#8221;.vc_custom_1635693159920{margin-right: 0px !important;margin-left: 0px !important;padding-top: 100px !important;padding-bottom: 100px !important;border-radius: 0px !important;}&#8221; css_tablet_landscape=&#8221;.vc_custom_1635693159920{margin-right: 0px !important;margin-left: 0px !important;border-radius: 0px !important;}&#8221;][vc_column_inner width=&#8221;1\/2&#8243; css_tablet_portrait=&#8221;.vc_custom_1598614995974{padding-left: 30px !important;}&#8221; css_mobile=&#8221;.vc_custom_1598614995975{padding-left: 15px !important;}&#8221;]<div class=\"kd-shapes shape_dots  kd-animated fadeInDown\" style=\"top: -240px;left: 70%;width: 340px;height: 143px;background-color: #ffffff;\"  data-animation-delay=600><\/div><header class=\"kd-section-title col-lg-12 text-left  subtitle-above-title kd-animated fadeIn   vc_custom_1635692124478\" data-animation-delay=200><h6 class=\"subtitle\" style=\"color: #ffffff;font-size:15px;\">BESOIN D'UN EXPERT ? NOS EXPERTS SONT \u00c0 VOTRE \u00c9COUTE !<br \/>\nUn projet en t\u00eate ? Vous avez un projet toute notre \u00e9quipe reste \u00e0 votre \u00e9coute.<br \/>\nVous voulez cr\u00e9er votre site?<\/h6><h1 class=\"separator_off\" style=\"color: #ffffff;\">TRENDS AGENCE Web EN TUNISIE<\/h1><\/header><a  href=\"https:\/\/meetings.trends.tn\/\"  target=\"_self\"  title=\"\" class=\"tt_button tt_primary_button btn_secondary_color hover_solid_white btn-align-left button-action-link   kd-animated zoomIn\" data-animation-delay=200><span class=\"prim_text\">JE VEUX PRENDRE RDV<\/span><\/a><div class=\"kd-shapes shape_dots  kd-animated fadeInUp\" style=\"bottom: -220px;left: 35%;width: 173px;height: 143px;background-color: #ffffff;\"  data-animation-delay=600><\/div>[\/vc_column_inner][vc_column_inner width=&#8221;1\/2&#8243; css=&#8221;.vc_custom_1597672141666{padding-top: 100px !important;}&#8221;][\/vc_column_inner][\/vc_row_inner][\/vc_column][\/vc_row][vc_row full_width=&#8221;stretch_row_content_no_spaces&#8221; kd_background_image_position=&#8221;vc_row-bg-position-top&#8221; css=&#8221;.vc_custom_1606475232051{padding-bottom: 100px !important;}&#8221;][vc_column]<div class=\"kd-calltoaction\" >\n                <div class=\"container\">\n                  <div class=\"cta-text-container kd-animated fadeIn\" data-animation-delay=\"200\"><div class=\"cta-text\"><h2 >Parmi nos derniers projets<\/h2><p >D\u00e9couvrez les entreprises qui nous ont fait confiance et comment nous les avons aid\u00e9es \u00e0 mettre en place ou d\u00e9velopper leurs activit\u00e9s.<\/p><\/div>\n                    <\/div>\n                    <div class=\"cta-btncontainer\"><a href=\"\/projets\"  title=\"\" class=\"tt_button tt_secondary_button btn_primary_color  button-action-link icon_right kd-animated zoomIn\" data-animation-delay=\"200\">Nos Projets<span class=\"fas fa-chevron-right iconita\" ><\/span><\/a><\/div>\n                <\/div>\n            <\/div>[vc_row_inner full_width=&#8221;inner_row_contained&#8221; kd_background_image_position=&#8221;vc_row-bg-position-top&#8221;][vc_column_inner][vc_basic_grid post_type=&#8221;portfolio&#8221; max_items=&#8221;6&#8243; element_width=&#8221;2&#8243; paging_design=&#8221;none&#8221; loop=&#8221;yes&#8221; autoplay=&#8221;8&#8243; grid_id=&#8221;vc_gid:1636124723494-e0c5f4ec42374dac575b3de2e3ea0440-10&#8243; el_class=&#8221;fullwidth-carousel&#8221; exclude=&#8221;7613, 7611, 7605, 7603&#8243;][\/vc_column_inner][\/vc_row_inner][\/vc_column][\/vc_row][vc_row full_width=&#8221;stretch_row&#8221; kd_background_image_position=&#8221;vc_row-bg-position-top&#8221; kd_bottom_separator_style=&#8221;static-waves&#8221; kd_bottom_separator_height=&#8221;separator-height-large&#8221; kd_background_overlay=&#8221;true&#8221; kd_bottom_separator=&#8221;true&#8221; kd_bottom_separator_flip_y=&#8221;true&#8221; css=&#8221;.vc_custom_1599063646412{padding-top: 35px !important;padding-bottom: 460px !important;}&#8221; el_class=&#8221;zindex0&#8243;][vc_column css=&#8221;.vc_custom_1515677064675{padding-right: 0px !important;padding-left: 0px !important;}&#8221;]<div class=\"kd-calltoaction\" >\n                <div class=\"container\">\n                  <div class=\"cta-text-container kd-animated fadeIn\" data-animation-delay=\"200\"><div class=\"cta-text\"><h2 >L'ACTUALIT\u00c9 DU DIGITAL #TRENDS<\/h2><p >D\u00e9couvrez les entreprises qui nous ont fait confiance et comment nous les avons aid\u00e9es \u00e0 mettre en place ou d\u00e9velopper leurs activit\u00e9s.<\/p><\/div>\n                    <\/div>\n                    <div class=\"cta-btncontainer\"><a href=\"\/blog\"  title=\"\" class=\"tt_button tt_secondary_button btn_primary_color  button-action-link icon_right kd-animated zoomIn\" data-animation-delay=\"200\">Voir toutes les actualit\u00e9s<span class=\"fas fa-chevron-right iconita\" ><\/span><\/a><\/div>\n                <\/div>\n            <\/div>[\/vc_column][\/vc_row][vc_row kd_background_image_position=&#8221;vc_row-bg-position-top&#8221;][vc_column][vc_basic_grid post_type=&#8221;post&#8221; max_items=&#8221;3&#8243; item=&#8221;3729&#8243; grid_id=&#8221;vc_gid:1636124723880-6a32c4c7cccc1099679e8b602d9d67f4-9&#8243; css=&#8221;.vc_custom_1598440930341{margin-top: -447px !important;}&#8221;][\/vc_column][\/vc_row][vc_row full_width=&#8221;stretch_row&#8221; kd_background_image_position=&#8221;vc_row-bg-position-top&#8221;][vc_column][vc_row_inner full_width=&#8221;inner_row_contained&#8221; kd_background_image_position=&#8221;vc_row-bg-position-top&#8221; css=&#8221;.vc_custom_1635637799426{padding-top: 40px !important;padding-bottom: 120px !important;}&#8221;][vc_column_inner]<div class=\"slider clients opacity-effect kd-client-69e1b1db74382 black-navigation \"><div class=\"clients-content kd-animated fadeInUp\" ><img loading=\"lazy\" decoding=\"async\" width=\"119\" height=\"102\" src=\"https:\/\/trends.com.tn\/2022\/wp-content\/uploads\/2021\/10\/UN.webp\" class=\"attachment-full\" alt=\"\" \/><\/div><div class=\"clients-content kd-animated fadeInUp\" data-animation-delay=200><img loading=\"lazy\" decoding=\"async\" width=\"208\" height=\"80\" src=\"https:\/\/trends.com.tn\/2022\/wp-content\/uploads\/2021\/10\/logo-oim.webp\" class=\"attachment-full\" alt=\"\" \/><\/div><div class=\"clients-content kd-animated fadeInUp\" data-animation-delay=400><img loading=\"lazy\" decoding=\"async\" width=\"122\" height=\"122\" src=\"https:\/\/trends.com.tn\/2022\/wp-content\/uploads\/2021\/10\/iacelogotrends.webp\" class=\"attachment-full\" alt=\"\" \/><\/div><div class=\"clients-content kd-animated fadeInUp\" data-animation-delay=600><img loading=\"lazy\" decoding=\"async\" width=\"362\" height=\"94\" src=\"https:\/\/trends.com.tn\/2022\/wp-content\/uploads\/2021\/10\/GIZ.webp\" class=\"attachment-full\" alt=\"\" srcset=\"https:\/\/trends.com.tn\/2022\/wp-content\/uploads\/2021\/10\/GIZ.webp 362w, https:\/\/trends.com.tn\/2022\/wp-content\/uploads\/2021\/10\/GIZ-300x78.webp 300w\" sizes=\"auto, (max-width: 362px) 100vw, 362px\" \/><\/div><div class=\"clients-content kd-animated fadeInUp\" data-animation-delay=800><img loading=\"lazy\" decoding=\"async\" width=\"128\" height=\"100\" src=\"https:\/\/trends.com.tn\/2022\/wp-content\/uploads\/2021\/10\/cE.webp\" class=\"attachment-full\" alt=\"\" \/><\/div><div class=\"clients-content kd-animated fadeInUp\" data-animation-delay=1000><img loading=\"lazy\" decoding=\"async\" width=\"302\" height=\"90\" src=\"https:\/\/trends.com.tn\/2022\/wp-content\/uploads\/2021\/10\/usaid.webp\" class=\"attachment-full\" alt=\"\" srcset=\"https:\/\/trends.com.tn\/2022\/wp-content\/uploads\/2021\/10\/usaid.webp 302w, https:\/\/trends.com.tn\/2022\/wp-content\/uploads\/2021\/10\/usaid-300x89.webp 300w\" sizes=\"auto, (max-width: 302px) 100vw, 302px\" \/><\/div><div class=\"clients-content \" ><img loading=\"lazy\" decoding=\"async\" width=\"222\" height=\"100\" src=\"https:\/\/trends.com.tn\/2022\/wp-content\/uploads\/2021\/10\/unfpa.webp\" class=\"attachment-full\" alt=\"\" \/><\/div><div class=\"clients-content \" ><img loading=\"lazy\" decoding=\"async\" width=\"222\" height=\"100\" src=\"https:\/\/trends.com.tn\/2022\/wp-content\/uploads\/2021\/10\/unfpa.webp\" class=\"attachment-full\" alt=\"\" \/><\/div><div class=\"clients-content \" ><img loading=\"lazy\" decoding=\"async\" width=\"222\" height=\"100\" src=\"https:\/\/trends.com.tn\/2022\/wp-content\/uploads\/2021\/10\/unfpa.webp\" class=\"attachment-full\" alt=\"\" \/><\/div><div class=\"clients-content \" ><img loading=\"lazy\" decoding=\"async\" width=\"222\" height=\"100\" src=\"https:\/\/trends.com.tn\/2022\/wp-content\/uploads\/2021\/10\/unfpa.webp\" class=\"attachment-full\" alt=\"\" \/><\/div><div class=\"clients-content \" ><img loading=\"lazy\" decoding=\"async\" width=\"222\" height=\"100\" src=\"https:\/\/trends.com.tn\/2022\/wp-content\/uploads\/2021\/10\/unfpa.webp\" class=\"attachment-full\" alt=\"\" \/><\/div><\/div><script>\r\n              jQuery(document).ready(function($){\r\n                if ($(\".slider.clients.kd-client-69e1b1db74382\").length) {\r\n                  $(\".slider.clients.kd-client-69e1b1db74382\").owlCarousel({\r\n                    stageClass: \"owl-wrapper\",\r\n                    stageOuterClass: \"owl-wrapper-outer\",\r\n                    loadedClass: \"owl-carousel\",\r\n                    responsiveClass:true,\r\n                    responsive:{\r\n                      0:{\r\n                          items:2,nav: true,\r\n                            navSpeed: 500,\r\n                            dots: false,},\r\n                      415:{\r\n                          items:3,nav: true,\r\n                            navSpeed: 500,\r\n                            dots: false,},\r\n                      960:{\r\n                          items:6,dots: true,\r\n                              nav: false,\r\n                              dotsSpeed: 200,\r\n                              dotsEach: false,}\r\n                    },loop: true,\r\n                  });\r\n                }\r\n              });\r\n            <\/script>[\/vc_column_inner][\/vc_row_inner][\/vc_column][\/vc_row]<\/p>\n","protected":false},"excerpt":{"rendered":"<p>[vc_row full_width=&#8221;stretch_row&#8221; content_placement=&#8221;middle&#8221; kd_background_image_position=&#8221;vc_row-bg-position-top&#8221; css=&#8221;.vc_custom_1635675873734{padding-top: 100px !important;padding-bottom: 90px !important;background-color: #edf1f5 !important;background-position: center !important;background-repeat: no-repeat !important;background-size: cover !important;}&#8221; el_class=&#8221;intro-section&#8221; css_tablet_portrait=&#8221;.vc_custom_1635675873734{padding-top: 100px [&hellip;]<\/p>\n","protected":false},"author":1,"featured_media":0,"parent":0,"menu_order":0,"comment_status":"closed","ping_status":"closed","template":"","meta":{"footnotes":""},"class_list":["post-9889","page","type-page","status-publish","hentry"],"_links":{"self":[{"href":"https:\/\/trends.com.tn\/2022\/wp-json\/wp\/v2\/pages\/9889","targetHints":{"allow":["GET"]}}],"collection":[{"href":"https:\/\/trends.com.tn\/2022\/wp-json\/wp\/v2\/pages"}],"about":[{"href":"https:\/\/trends.com.tn\/2022\/wp-json\/wp\/v2\/types\/page"}],"author":[{"embeddable":true,"href":"https:\/\/trends.com.tn\/2022\/wp-json\/wp\/v2\/users\/1"}],"replies":[{"embeddable":true,"href":"https:\/\/trends.com.tn\/2022\/wp-json\/wp\/v2\/comments?post=9889"}],"version-history":[{"count":11,"href":"https:\/\/trends.com.tn\/2022\/wp-json\/wp\/v2\/pages\/9889\/revisions"}],"predecessor-version":[{"id":10260,"href":"https:\/\/trends.com.tn\/2022\/wp-json\/wp\/v2\/pages\/9889\/revisions\/10260"}],"wp:attachment":[{"href":"https:\/\/trends.com.tn\/2022\/wp-json\/wp\/v2\/media?parent=9889"}],"curies":[{"name":"wp","href":"https:\/\/api.w.org\/{rel}","templated":true}]}}