{"id":9955,"date":"2021-10-31T20:29:30","date_gmt":"2021-10-31T19:29:30","guid":{"rendered":"https:\/\/trends.com.tn\/2022\/?page_id=9955"},"modified":"2021-11-05T15:19:35","modified_gmt":"2021-11-05T14:19:35","slug":"agence-conseil-en-strategie-digitale-tunisie","status":"publish","type":"page","link":"https:\/\/trends.com.tn\/2022\/conseil-en-transformation-digitale-tunisie\/agence-conseil-en-strategie-digitale-tunisie\/","title":{"rendered":"agence Conseil en Strat\u00e9gie Digitale tunisie"},"content":{"rendered":"<p>[vc_row full_width=&#8221;stretch_row&#8221; content_placement=&#8221;middle&#8221; kd_background_image_position=&#8221;vc_row-bg-position-top&#8221; css=&#8221;.vc_custom_1635675873734{padding-top: 100px !important;padding-bottom: 90px !important;background-color: #edf1f5 !important;background-position: center !important;background-repeat: no-repeat !important;background-size: cover !important;}&#8221; el_class=&#8221;intro-section&#8221; css_tablet_portrait=&#8221;.vc_custom_1635675873734{padding-top: 100px !important;}&#8221; css_mobile=&#8221;.vc_custom_1635675873734{padding-top: 100px !important;}&#8221;][vc_column width=&#8221;1\/2&#8243; offset=&#8221;vc_col-lg-6 vc_col-md-8&#8243;][vc_row_inner content_placement=&#8221;middle&#8221; kd_background_image_position=&#8221;vc_row-bg-position-top&#8221;][vc_column_inner css=&#8221;.vc_custom_1598355366512{margin-left: 0px !important;padding-right: 0px !important;padding-left: 0px !important;}&#8221;]<div class=\"kd-title-label text-left    kd-animated fadeIn\" data-animation-delay=200><span class=\"kd-title-label-solid\">TRENDS<\/span><span class=\"kd-title-label-transparent\">Agence Transformation Digitale en Tunisie<\/span><\/div><header class=\"kd-section-title col-lg-12 text-left  subtitle-below-title kd-animated fadeIn   vc_custom_1635708488585\" data-animation-delay=200><h1 class=\"separator_off\" style=\"font-size: 60px;line-height: 60px;\">Agence Conseil en Strat\u00e9gie Digitale<\/h1><\/header>[vc_column_text]<span style=\"font-weight: 400;\">Trends est une agence de conseil en strat\u00e9gie digitale qui s&#8217;aligne avec les attentes de vos\u00a0 clients en int\u00e9grant les chiffres dans votre strat\u00e9gie marketing.\u00a0<\/span><\/p>\n<p><span style=\"font-weight: 400;\">Nous d\u00e9velopperons une strat\u00e9gie digitale qui vous permettra de communiquer les bonnes informations via les bons canaux au bon moment, afin de toucher efficacement et avec pr\u00e9cision les bonnes personnes.\u00a0<\/span><\/p>\n<p><span style=\"font-weight: 400;\">Ensemble, nous allons travailler \u00e0 l&#8217;int\u00e9gration du levier digital dans votre strat\u00e9gie marketing afin d&#8217;obtenir une communication adapt\u00e9e, pertinente et efficace.\u00a0<\/span><\/p>\n<p><span style=\"font-weight: 400;\">Ensemble, d\u00e9veloppons dans vos \u00e9quipes la culture qui constituera la base de votre transformation digitale.<\/span><\/p>\n<ul>\n<li><span style=\"font-weight: 400;\">\u00a0Initions et acc\u00e9l\u00e9rons ensemble la transformation digitale pour rendre votre entreprise plus flexible.<\/span><\/li>\n<li><span style=\"font-weight: 400;\">Nous apporterons \u00e0 votre marque une dimension m\u00e9diatique et renforcerons votre audience.<\/span><\/li>\n<li><span style=\"font-weight: 400;\">\u00a0Nous aidons vos employ\u00e9s \u00e0 devenir les ambassadeurs de votre marque.<\/span><\/li>\n<li><span style=\"font-weight: 400;\">\u00a0Nous transformerons vos visiteurs en clients potentiels\u00a0<\/span><\/li>\n<li><span style=\"font-weight: 400;\">Nous transformerons vos clients potentiels en clients<\/span><\/li>\n<li><span style=\"font-weight: 400;\">\u00a0Nous r\u00e9alisons un diagnostic objectif, m\u00e9thodique et consensuel pour savoir si votre organisation est suffisante pour atteindre vos objectifs\u00a0<\/span><\/li>\n<li><span style=\"font-weight: 400;\">D\u00e9veloppons une vision claire et motivante avec des b\u00e9n\u00e9fices tangibles\u00a0<\/span><\/li>\n<li><span style=\"font-weight: 400;\">\u00a0D\u00e9finissons un plan d&#8217;action, suivi d&#8217;une feuille de route, d&#8217;une organisation et d&#8217;un calendrier pour pouvoir le d\u00e9ployer ensemble.<\/span><\/li>\n<\/ul>\n<p>[\/vc_column_text][\/vc_column_inner][\/vc_row_inner][\/vc_column][vc_column width=&#8221;1\/2&#8243; css=&#8221;.vc_custom_1599047585907{margin-right: 0px !important;}&#8221; offset=&#8221;vc_col-lg-6 vc_col-md-4&#8243;]<!-- Start Lottier for WPBakery WordPress Plugin --><div id=\"mdp-lottier-box-9f5ccc702b60c941dcb4aa6ef6b9ee6c\" >\n\t    \t    <div class=\"mdp-lottier-svg\">\n\t\t    <div class=\"mdp-lottier-player\"\n\t\t         data-autoplay=\"autoplay\"\n\t\t         data-speed=\"1\"\n\t\t         data-loop=\"true\"\n\t\t         data-controls=\"false\"\n\t\t         data-mode=\"normal\"\n\t\t    >\n\t\t\t    <!--suppress HtmlUnknownTag -->\n\t\t\t    \t\t\t    <lottie-player id=\"mdp-lottier-9f5ccc702b60c941dcb4aa6ef6b9ee6c\" class=\"mdp-lottier-animation \" src='https:\/\/trends.com.tn\/2022\/wp-content\/uploads\/2021\/10\/lf30_editor_snzggr7h.json'><\/lottie-player>\n\n\t\t    <\/div>\n\t    <\/div>\n\t    \n\t    \n\t    \n\t    <\/div>\n\n\t    <!-- End Lottier for WPBakery WordPress Plugin -->\n\n\t    [\/vc_column][\/vc_row][vc_row full_width=&#8221;stretch_row_content_no_spaces&#8221; kd_background_image_position=&#8221;vc_row-bg-position-top&#8221;][vc_column css=&#8221;.vc_custom_1597665991208{padding-right: 0px !important;padding-left: 0px !important;}&#8221;][vc_row_inner full_width=&#8221;inner_row_contained&#8221; kd_background_image_position=&#8221;vc_row-bg-position-top&#8221; css=&#8221;.vc_custom_1635695685937{margin-right: 60px !important;margin-left: 60px !important;padding-top: 160px !important;padding-bottom: 165px !important;background-image: url(https:\/\/trends.com.tn\/2022\/wp-content\/uploads\/2021\/10\/digital.jpg?id=9912) !important;background-position: center !important;background-repeat: no-repeat !important;background-size: cover !important;border-radius: 50px !important;}&#8221; css_tablet_portrait=&#8221;.vc_custom_1635695685937{margin-right: 0px !important;margin-left: 0px !important;padding-top: 100px !important;padding-bottom: 100px !important;border-radius: 0px !important;}&#8221; css_mobile=&#8221;.vc_custom_1635695685938{margin-right: 0px !important;margin-left: 0px !important;padding-top: 100px !important;padding-bottom: 100px !important;border-radius: 0px !important;}&#8221; css_tablet_landscape=&#8221;.vc_custom_1635695685937{margin-right: 0px !important;margin-left: 0px !important;border-radius: 0px !important;}&#8221;][vc_column_inner width=&#8221;1\/2&#8243; css_tablet_portrait=&#8221;.vc_custom_1598614995974{padding-left: 30px !important;}&#8221; css_mobile=&#8221;.vc_custom_1598614995975{padding-left: 15px !important;}&#8221;]<div class=\"kd-shapes shape_dots  kd-animated fadeInDown\" style=\"top: -240px;left: 70%;width: 340px;height: 143px;background-color: #ffffff;\"  data-animation-delay=600><\/div><header class=\"kd-section-title col-lg-12 text-left  subtitle-above-title kd-animated fadeIn   vc_custom_1635697914186\" data-animation-delay=200><h6 class=\"subtitle\" style=\"color: #ffffff;font-size:15px;\">BESOIN D'UN EXPERT ? NOS EXPERTS SONT \u00c0 VOTRE \u00c9COUTE !<br \/>\nUn projet en t\u00eate ? Vous avez un projet toute notre \u00e9quipe reste \u00e0 votre \u00e9coute.<\/h6><h1 class=\"separator_off\" style=\"color: #ffffff;\">Agence Transformation Digitale en Tunisie<\/h1><\/header><a  href=\"https:\/\/meetings.trends.tn\/\"  target=\"_self\"  title=\"\" class=\"tt_button tt_primary_button btn_secondary_color hover_solid_white btn-align-left button-action-link   kd-animated zoomIn\" data-animation-delay=200><span class=\"prim_text\">JE VEUX PRENDRE RDV<\/span><\/a><div class=\"kd-shapes shape_dots  kd-animated fadeInUp\" style=\"bottom: -220px;left: 35%;width: 173px;height: 143px;background-color: #ffffff;\"  data-animation-delay=600><\/div>[\/vc_column_inner][vc_column_inner width=&#8221;1\/2&#8243; css=&#8221;.vc_custom_1597672141666{padding-top: 100px !important;}&#8221;][\/vc_column_inner][\/vc_row_inner][\/vc_column][\/vc_row][vc_row full_width=&#8221;stretch_row_content_no_spaces&#8221; kd_background_image_position=&#8221;vc_row-bg-position-top&#8221; css=&#8221;.vc_custom_1606475232051{padding-bottom: 100px !important;}&#8221;][vc_column]<div class=\"kd-calltoaction\" >\n                <div class=\"container\">\n                  <div class=\"cta-text-container kd-animated fadeIn\" data-animation-delay=\"200\"><div class=\"cta-text\"><h2 >Parmi nos derniers projets<\/h2><p >D\u00e9couvrez les entreprises qui nous ont fait confiance et comment nous les avons aid\u00e9es \u00e0 mettre en place ou d\u00e9velopper leurs activit\u00e9s.<\/p><\/div>\n                    <\/div>\n                    <div class=\"cta-btncontainer\"><a href=\"\/projets\"  title=\"\" class=\"tt_button tt_secondary_button btn_primary_color  button-action-link icon_right kd-animated zoomIn\" data-animation-delay=\"200\">Nos Projets<span class=\"fas fa-chevron-right iconita\" ><\/span><\/a><\/div>\n                <\/div>\n            <\/div>[vc_row_inner full_width=&#8221;inner_row_contained&#8221; kd_background_image_position=&#8221;vc_row-bg-position-top&#8221;][vc_column_inner][vc_basic_grid post_type=&#8221;portfolio&#8221; max_items=&#8221;6&#8243; element_width=&#8221;2&#8243; paging_design=&#8221;none&#8221; loop=&#8221;yes&#8221; autoplay=&#8221;8&#8243; grid_id=&#8221;vc_gid:1636121548676-edf85f85d8c5e3ee2c0c256bff51b906-7&#8243; el_class=&#8221;fullwidth-carousel&#8221; exclude=&#8221;7613, 7611, 7605, 7603&#8243;][\/vc_column_inner][\/vc_row_inner][\/vc_column][\/vc_row][vc_row full_width=&#8221;stretch_row&#8221; kd_background_image_position=&#8221;vc_row-bg-position-top&#8221; kd_bottom_separator_style=&#8221;static-waves&#8221; kd_bottom_separator_height=&#8221;separator-height-large&#8221; kd_background_overlay=&#8221;true&#8221; kd_bottom_separator=&#8221;true&#8221; kd_bottom_separator_flip_y=&#8221;true&#8221; css=&#8221;.vc_custom_1599063646412{padding-top: 35px !important;padding-bottom: 460px !important;}&#8221; el_class=&#8221;zindex0&#8243;][vc_column css=&#8221;.vc_custom_1515677064675{padding-right: 0px !important;padding-left: 0px !important;}&#8221;]<div class=\"kd-calltoaction\" >\n                <div class=\"container\">\n                  <div class=\"cta-text-container kd-animated fadeIn\" data-animation-delay=\"200\"><div class=\"cta-text\"><h2 >L'ACTUALIT\u00c9 DU DIGITAL #TRENDS<\/h2><p >D\u00e9couvrez les entreprises qui nous ont fait confiance et comment nous les avons aid\u00e9es \u00e0 mettre en place ou d\u00e9velopper leurs activit\u00e9s.<\/p><\/div>\n                    <\/div>\n                    <div class=\"cta-btncontainer\"><a href=\"\/blog\"  title=\"\" class=\"tt_button tt_secondary_button btn_primary_color  button-action-link icon_right kd-animated zoomIn\" data-animation-delay=\"200\">Voir toutes les actualit\u00e9s<span class=\"fas fa-chevron-right iconita\" ><\/span><\/a><\/div>\n                <\/div>\n            <\/div>[\/vc_column][\/vc_row][vc_row kd_background_image_position=&#8221;vc_row-bg-position-top&#8221;][vc_column][vc_basic_grid post_type=&#8221;post&#8221; max_items=&#8221;3&#8243; item=&#8221;3729&#8243; grid_id=&#8221;vc_gid:1636121549006-859116fb8d0b1eb44e4fa70af5981062-1&#8243; css=&#8221;.vc_custom_1598440930341{margin-top: -447px !important;}&#8221;][\/vc_column][\/vc_row][vc_row full_width=&#8221;stretch_row&#8221; kd_background_image_position=&#8221;vc_row-bg-position-top&#8221;][vc_column][vc_row_inner full_width=&#8221;inner_row_contained&#8221; kd_background_image_position=&#8221;vc_row-bg-position-top&#8221; css=&#8221;.vc_custom_1635637799426{padding-top: 40px !important;padding-bottom: 120px !important;}&#8221;][vc_column_inner]<div class=\"slider clients opacity-effect kd-client-69e10a9bd0cab black-navigation \"><div class=\"clients-content kd-animated fadeInUp\" ><img loading=\"lazy\" decoding=\"async\" width=\"119\" height=\"102\" src=\"https:\/\/trends.com.tn\/2022\/wp-content\/uploads\/2021\/10\/UN.webp\" class=\"attachment-full\" alt=\"\" \/><\/div><div class=\"clients-content kd-animated fadeInUp\" data-animation-delay=200><img loading=\"lazy\" decoding=\"async\" width=\"208\" height=\"80\" src=\"https:\/\/trends.com.tn\/2022\/wp-content\/uploads\/2021\/10\/logo-oim.webp\" class=\"attachment-full\" alt=\"\" \/><\/div><div class=\"clients-content kd-animated fadeInUp\" data-animation-delay=400><img loading=\"lazy\" decoding=\"async\" width=\"122\" height=\"122\" src=\"https:\/\/trends.com.tn\/2022\/wp-content\/uploads\/2021\/10\/iacelogotrends.webp\" class=\"attachment-full\" alt=\"\" \/><\/div><div class=\"clients-content kd-animated fadeInUp\" data-animation-delay=600><img loading=\"lazy\" decoding=\"async\" width=\"362\" height=\"94\" src=\"https:\/\/trends.com.tn\/2022\/wp-content\/uploads\/2021\/10\/GIZ.webp\" class=\"attachment-full\" alt=\"\" srcset=\"https:\/\/trends.com.tn\/2022\/wp-content\/uploads\/2021\/10\/GIZ.webp 362w, https:\/\/trends.com.tn\/2022\/wp-content\/uploads\/2021\/10\/GIZ-300x78.webp 300w\" sizes=\"auto, (max-width: 362px) 100vw, 362px\" \/><\/div><div class=\"clients-content kd-animated fadeInUp\" data-animation-delay=800><img loading=\"lazy\" decoding=\"async\" width=\"128\" height=\"100\" src=\"https:\/\/trends.com.tn\/2022\/wp-content\/uploads\/2021\/10\/cE.webp\" class=\"attachment-full\" alt=\"\" \/><\/div><div class=\"clients-content kd-animated fadeInUp\" data-animation-delay=1000><img loading=\"lazy\" decoding=\"async\" width=\"302\" height=\"90\" src=\"https:\/\/trends.com.tn\/2022\/wp-content\/uploads\/2021\/10\/usaid.webp\" class=\"attachment-full\" alt=\"\" srcset=\"https:\/\/trends.com.tn\/2022\/wp-content\/uploads\/2021\/10\/usaid.webp 302w, https:\/\/trends.com.tn\/2022\/wp-content\/uploads\/2021\/10\/usaid-300x89.webp 300w\" sizes=\"auto, (max-width: 302px) 100vw, 302px\" \/><\/div><div class=\"clients-content \" ><img loading=\"lazy\" decoding=\"async\" width=\"222\" height=\"100\" src=\"https:\/\/trends.com.tn\/2022\/wp-content\/uploads\/2021\/10\/unfpa.webp\" class=\"attachment-full\" alt=\"\" \/><\/div><div class=\"clients-content \" ><img loading=\"lazy\" decoding=\"async\" width=\"222\" height=\"100\" src=\"https:\/\/trends.com.tn\/2022\/wp-content\/uploads\/2021\/10\/unfpa.webp\" class=\"attachment-full\" alt=\"\" \/><\/div><div class=\"clients-content \" ><img loading=\"lazy\" decoding=\"async\" width=\"222\" height=\"100\" src=\"https:\/\/trends.com.tn\/2022\/wp-content\/uploads\/2021\/10\/unfpa.webp\" class=\"attachment-full\" alt=\"\" \/><\/div><div class=\"clients-content \" ><img loading=\"lazy\" decoding=\"async\" width=\"222\" height=\"100\" src=\"https:\/\/trends.com.tn\/2022\/wp-content\/uploads\/2021\/10\/unfpa.webp\" class=\"attachment-full\" alt=\"\" \/><\/div><div class=\"clients-content \" ><img loading=\"lazy\" decoding=\"async\" width=\"222\" height=\"100\" src=\"https:\/\/trends.com.tn\/2022\/wp-content\/uploads\/2021\/10\/unfpa.webp\" class=\"attachment-full\" alt=\"\" \/><\/div><\/div><script>\r\n              jQuery(document).ready(function($){\r\n                if ($(\".slider.clients.kd-client-69e10a9bd0cab\").length) {\r\n                  $(\".slider.clients.kd-client-69e10a9bd0cab\").owlCarousel({\r\n                    stageClass: \"owl-wrapper\",\r\n                    stageOuterClass: \"owl-wrapper-outer\",\r\n                    loadedClass: \"owl-carousel\",\r\n                    responsiveClass:true,\r\n                    responsive:{\r\n                      0:{\r\n                          items:2,nav: true,\r\n                            navSpeed: 500,\r\n                            dots: false,},\r\n                      415:{\r\n                          items:3,nav: true,\r\n                            navSpeed: 500,\r\n                            dots: false,},\r\n                      960:{\r\n                          items:6,dots: true,\r\n                              nav: false,\r\n                              dotsSpeed: 200,\r\n                              dotsEach: false,}\r\n                    },loop: true,\r\n                  });\r\n                }\r\n              });\r\n            <\/script>[\/vc_column_inner][\/vc_row_inner][\/vc_column][\/vc_row]<\/p>\n","protected":false},"excerpt":{"rendered":"<p>[vc_row full_width=&#8221;stretch_row&#8221; content_placement=&#8221;middle&#8221; kd_background_image_position=&#8221;vc_row-bg-position-top&#8221; css=&#8221;.vc_custom_1635675873734{padding-top: 100px !important;padding-bottom: 90px !important;background-color: #edf1f5 !important;background-position: center !important;background-repeat: no-repeat !important;background-size: cover !important;}&#8221; el_class=&#8221;intro-section&#8221; css_tablet_portrait=&#8221;.vc_custom_1635675873734{padding-top: 100px [&hellip;]<\/p>\n","protected":false},"author":1,"featured_media":0,"parent":9914,"menu_order":0,"comment_status":"closed","ping_status":"closed","template":"","meta":{"footnotes":""},"class_list":["post-9955","page","type-page","status-publish","hentry"],"_links":{"self":[{"href":"https:\/\/trends.com.tn\/2022\/wp-json\/wp\/v2\/pages\/9955","targetHints":{"allow":["GET"]}}],"collection":[{"href":"https:\/\/trends.com.tn\/2022\/wp-json\/wp\/v2\/pages"}],"about":[{"href":"https:\/\/trends.com.tn\/2022\/wp-json\/wp\/v2\/types\/page"}],"author":[{"embeddable":true,"href":"https:\/\/trends.com.tn\/2022\/wp-json\/wp\/v2\/users\/1"}],"replies":[{"embeddable":true,"href":"https:\/\/trends.com.tn\/2022\/wp-json\/wp\/v2\/comments?post=9955"}],"version-history":[{"count":2,"href":"https:\/\/trends.com.tn\/2022\/wp-json\/wp\/v2\/pages\/9955\/revisions"}],"predecessor-version":[{"id":10239,"href":"https:\/\/trends.com.tn\/2022\/wp-json\/wp\/v2\/pages\/9955\/revisions\/10239"}],"up":[{"embeddable":true,"href":"https:\/\/trends.com.tn\/2022\/wp-json\/wp\/v2\/pages\/9914"}],"wp:attachment":[{"href":"https:\/\/trends.com.tn\/2022\/wp-json\/wp\/v2\/media?parent=9955"}],"curies":[{"name":"wp","href":"https:\/\/api.w.org\/{rel}","templated":true}]}}