{"id":9972,"date":"2021-10-31T21:05:57","date_gmt":"2021-10-31T20:05:57","guid":{"rendered":"https:\/\/trends.com.tn\/2022\/?page_id=9972"},"modified":"2021-11-05T14:57:28","modified_gmt":"2021-11-05T13:57:28","slug":"agence-media-tunsie","status":"publish","type":"page","link":"https:\/\/trends.com.tn\/2022\/agence-communication-digitale-tunisie\/agence-media-tunsie\/","title":{"rendered":"Agence Media tunsie"},"content":{"rendered":"<p>[vc_row full_width=&#8221;stretch_row&#8221; content_placement=&#8221;middle&#8221; kd_background_image_position=&#8221;vc_row-bg-position-top&#8221; css=&#8221;.vc_custom_1635675873734{padding-top: 100px !important;padding-bottom: 90px !important;background-color: #edf1f5 !important;background-position: center !important;background-repeat: no-repeat !important;background-size: cover !important;}&#8221; el_class=&#8221;intro-section&#8221; css_tablet_portrait=&#8221;.vc_custom_1635675873734{padding-top: 100px !important;}&#8221; css_mobile=&#8221;.vc_custom_1635675873734{padding-top: 100px !important;}&#8221;][vc_column width=&#8221;1\/2&#8243; offset=&#8221;vc_col-lg-6 vc_col-md-8&#8243;][vc_row_inner content_placement=&#8221;middle&#8221; kd_background_image_position=&#8221;vc_row-bg-position-top&#8221;][vc_column_inner css=&#8221;.vc_custom_1598355366512{margin-left: 0px !important;padding-right: 0px !important;padding-left: 0px !important;}&#8221;]<div class=\"kd-title-label text-left    kd-animated fadeIn\" data-animation-delay=200><span class=\"kd-title-label-solid\">TRENDS<\/span><span class=\"kd-title-label-transparent\">Agence de communication digitale en Tunisie<\/span><\/div><header class=\"kd-section-title col-lg-12 text-left  subtitle-below-title kd-animated fadeIn   vc_custom_1635710787139\" data-animation-delay=200><h1 class=\"separator_off\" style=\"font-size: 60px;line-height: 60px;\">Agence Media<\/h1><\/header>[vc_column_text]<span style=\"font-weight: 400;\">Agence M\u00e9dia est une entit\u00e9 d\u00e9di\u00e9e \u00e0 une communication multim\u00e9dia efficace et apporte son expertise par le conseil, les services et la formation. La communication multim\u00e9dia haute performance est l&#8217;art de d\u00e9terminer la bonne information \u00e0 travers les bons m\u00e9dias num\u00e9riques et de fournir le bon message au bon public cible (en utilisant des images fixes ou anim\u00e9es, des sons, du texte et des images pour stimuler le contenu d&#8217;\u00e9dition interactif) \u00ab Hypertexte \u00bb Il a toute compl\u00e9mentarit\u00e9 avec les bons porteurs de visibilit\u00e9 digitale (r\u00e9f\u00e9rencement naturel, r\u00e9f\u00e9rencement payant SEA , SEO, email, r\u00e9seaux sociaux, relations m\u00e9dias, affili\u00e9s, publicit\u00e9 digitale). G\u00e9n\u00e9rez du trafic qualifi\u00e9, de la conversion, de la r\u00e9tention et de la g\u00e9n\u00e9ration de revenus gr\u00e2ce \u00e0 des supports num\u00e9riques optimis\u00e9s (sites Web, applications, produits ou logiciels en ligne)<\/span><\/p>\n<p><strong>Les solutions de l\u2019agence Media Trends :<\/strong><\/p>\n<ul>\n<li>Trends vous conseille sur la strat\u00e9gie de communication multim\u00e9dia la plus rentable<\/li>\n<li>Trends vous accompagne pour augmenter votre trafic qualifi\u00e9<\/li>\n<li>Trends vous accompagne pour construire votre support de communication<\/li>\n<li>Trends vous accompagne pour produire le contenu \u00e9ditorial de qualit\u00e9<\/li>\n<\/ul>\n<p>[\/vc_column_text][\/vc_column_inner][\/vc_row_inner][\/vc_column][vc_column width=&#8221;1\/2&#8243; css=&#8221;.vc_custom_1599047585907{margin-right: 0px !important;}&#8221; offset=&#8221;vc_col-lg-6 vc_col-md-4&#8243;]<!-- Start Lottier for WPBakery WordPress Plugin --><div id=\"mdp-lottier-box-27f27608e37c4421a3850aa8d298dcdf\" >\n\t    \t    <div class=\"mdp-lottier-svg\">\n\t\t    <div class=\"mdp-lottier-player\"\n\t\t         data-autoplay=\"autoplay\"\n\t\t         data-speed=\"1\"\n\t\t         data-loop=\"true\"\n\t\t         data-controls=\"false\"\n\t\t         data-mode=\"normal\"\n\t\t    >\n\t\t\t    <!--suppress HtmlUnknownTag -->\n\t\t\t    \t\t\t    <lottie-player id=\"mdp-lottier-27f27608e37c4421a3850aa8d298dcdf\" class=\"mdp-lottier-animation \" src='https:\/\/trends.com.tn\/2022\/wp-content\/uploads\/2021\/10\/lf30_editor_c2phjrmc.json'><\/lottie-player>\n\n\t\t    <\/div>\n\t    <\/div>\n\t    \n\t    \n\t    \n\t    <\/div>\n\n\t    <!-- End Lottier for WPBakery WordPress Plugin -->\n\n\t    [\/vc_column][\/vc_row][vc_row full_width=&#8221;stretch_row_content_no_spaces&#8221; kd_background_image_position=&#8221;vc_row-bg-position-top&#8221;][vc_column css=&#8221;.vc_custom_1597665991208{padding-right: 0px !important;padding-left: 0px !important;}&#8221;][vc_row_inner full_width=&#8221;inner_row_contained&#8221; kd_background_image_position=&#8221;vc_row-bg-position-top&#8221; css=&#8221;.vc_custom_1635695685937{margin-right: 60px !important;margin-left: 60px !important;padding-top: 160px !important;padding-bottom: 165px !important;background-image: url(https:\/\/trends.com.tn\/2022\/wp-content\/uploads\/2021\/10\/digital.jpg?id=9912) !important;background-position: center !important;background-repeat: no-repeat !important;background-size: cover !important;border-radius: 50px !important;}&#8221; css_tablet_portrait=&#8221;.vc_custom_1635695685937{margin-right: 0px !important;margin-left: 0px !important;padding-top: 100px !important;padding-bottom: 100px !important;border-radius: 0px !important;}&#8221; css_mobile=&#8221;.vc_custom_1635695685938{margin-right: 0px !important;margin-left: 0px !important;padding-top: 100px !important;padding-bottom: 100px !important;border-radius: 0px !important;}&#8221; css_tablet_landscape=&#8221;.vc_custom_1635695685937{margin-right: 0px !important;margin-left: 0px !important;border-radius: 0px !important;}&#8221;][vc_column_inner width=&#8221;1\/2&#8243; css_tablet_portrait=&#8221;.vc_custom_1598614995974{padding-left: 30px !important;}&#8221; css_mobile=&#8221;.vc_custom_1598614995975{padding-left: 15px !important;}&#8221;]<div class=\"kd-shapes shape_dots  kd-animated fadeInDown\" style=\"top: -240px;left: 70%;width: 340px;height: 143px;background-color: #ffffff;\"  data-animation-delay=600><\/div><header class=\"kd-section-title col-lg-12 text-left  subtitle-above-title kd-animated fadeIn   vc_custom_1635695706537\" data-animation-delay=200><h6 class=\"subtitle\" style=\"color: #ffffff;font-size:15px;\">BESOIN D'UN EXPERT ? NOS EXPERTS SONT \u00c0 VOTRE \u00c9COUTE !<br \/>\nUn projet en t\u00eate ? Vous avez un projet toute notre \u00e9quipe reste \u00e0 votre \u00e9coute.<\/h6><h1 class=\"separator_off\" style=\"color: #ffffff;\">TRENDS AGENCE DE COMMUNICATION DIGITALE EN TUNISIE<\/h1><\/header><a  href=\"https:\/\/meetings.trends.tn\/\"  target=\"_self\"  title=\"\" class=\"tt_button tt_primary_button btn_secondary_color hover_solid_white btn-align-left button-action-link   kd-animated zoomIn\" data-animation-delay=200><span class=\"prim_text\">JE VEUX PRENDRE RDV<\/span><\/a><div class=\"kd-shapes shape_dots  kd-animated fadeInUp\" style=\"bottom: -220px;left: 35%;width: 173px;height: 143px;background-color: #ffffff;\"  data-animation-delay=600><\/div>[\/vc_column_inner][vc_column_inner width=&#8221;1\/2&#8243; css=&#8221;.vc_custom_1597672141666{padding-top: 100px !important;}&#8221;][\/vc_column_inner][\/vc_row_inner][\/vc_column][\/vc_row][vc_row full_width=&#8221;stretch_row_content_no_spaces&#8221; kd_background_image_position=&#8221;vc_row-bg-position-top&#8221; css=&#8221;.vc_custom_1606475232051{padding-bottom: 100px !important;}&#8221;][vc_column]<div class=\"kd-calltoaction\" >\n                <div class=\"container\">\n                  <div class=\"cta-text-container kd-animated fadeIn\" data-animation-delay=\"200\"><div class=\"cta-text\"><h2 >Parmi nos derniers projets<\/h2><p >D\u00e9couvrez les entreprises qui nous ont fait confiance et comment nous les avons aid\u00e9es \u00e0 mettre en place ou d\u00e9velopper leurs activit\u00e9s.<\/p><\/div>\n                    <\/div>\n                    <div class=\"cta-btncontainer\"><a href=\"\/projets\"  title=\"\" class=\"tt_button tt_secondary_button btn_primary_color  button-action-link icon_right kd-animated zoomIn\" data-animation-delay=\"200\">Nos Projets<span class=\"fas fa-chevron-right iconita\" ><\/span><\/a><\/div>\n                <\/div>\n            <\/div>[vc_row_inner full_width=&#8221;inner_row_contained&#8221; kd_background_image_position=&#8221;vc_row-bg-position-top&#8221;][vc_column_inner][vc_basic_grid post_type=&#8221;portfolio&#8221; max_items=&#8221;6&#8243; element_width=&#8221;2&#8243; paging_design=&#8221;none&#8221; loop=&#8221;yes&#8221; autoplay=&#8221;8&#8243; grid_id=&#8221;vc_gid:1636120562714-ee1919e5d97d84434c55a385940219cf-4&#8243; el_class=&#8221;fullwidth-carousel&#8221; exclude=&#8221;7613, 7611, 7605, 7603&#8243;][\/vc_column_inner][\/vc_row_inner][\/vc_column][\/vc_row][vc_row full_width=&#8221;stretch_row&#8221; kd_background_image_position=&#8221;vc_row-bg-position-top&#8221; kd_bottom_separator_style=&#8221;static-waves&#8221; kd_bottom_separator_height=&#8221;separator-height-large&#8221; kd_background_overlay=&#8221;true&#8221; kd_bottom_separator=&#8221;true&#8221; kd_bottom_separator_flip_y=&#8221;true&#8221; css=&#8221;.vc_custom_1599063646412{padding-top: 35px !important;padding-bottom: 460px !important;}&#8221; el_class=&#8221;zindex0&#8243;][vc_column css=&#8221;.vc_custom_1515677064675{padding-right: 0px !important;padding-left: 0px !important;}&#8221;]<div class=\"kd-calltoaction\" >\n                <div class=\"container\">\n                  <div class=\"cta-text-container kd-animated fadeIn\" data-animation-delay=\"200\"><div class=\"cta-text\"><h2 >L'ACTUALIT\u00c9 DU DIGITAL #TRENDS<\/h2><p >D\u00e9couvrez les entreprises qui nous ont fait confiance et comment nous les avons aid\u00e9es \u00e0 mettre en place ou d\u00e9velopper leurs activit\u00e9s.<\/p><\/div>\n                    <\/div>\n                    <div class=\"cta-btncontainer\"><a href=\"\/blog\"  title=\"\" class=\"tt_button tt_secondary_button btn_primary_color  button-action-link icon_right kd-animated zoomIn\" data-animation-delay=\"200\">Voir toutes les actualit\u00e9s<span class=\"fas fa-chevron-right iconita\" ><\/span><\/a><\/div>\n                <\/div>\n            <\/div>[\/vc_column][\/vc_row][vc_row kd_background_image_position=&#8221;vc_row-bg-position-top&#8221;][vc_column][vc_basic_grid post_type=&#8221;post&#8221; max_items=&#8221;3&#8243; item=&#8221;3729&#8243; grid_id=&#8221;vc_gid:1636120562990-5136adf778b64556eb2f313c3983b8c5-10&#8243; css=&#8221;.vc_custom_1598440930341{margin-top: -447px !important;}&#8221;][\/vc_column][\/vc_row][vc_row full_width=&#8221;stretch_row&#8221; kd_background_image_position=&#8221;vc_row-bg-position-top&#8221;][vc_column][vc_row_inner full_width=&#8221;inner_row_contained&#8221; kd_background_image_position=&#8221;vc_row-bg-position-top&#8221; css=&#8221;.vc_custom_1635637799426{padding-top: 40px !important;padding-bottom: 120px !important;}&#8221;][vc_column_inner]<div class=\"slider clients opacity-effect kd-client-69e1a48bb9bf9 black-navigation \"><div class=\"clients-content kd-animated fadeInUp\" ><img loading=\"lazy\" decoding=\"async\" width=\"119\" height=\"102\" src=\"https:\/\/trends.com.tn\/2022\/wp-content\/uploads\/2021\/10\/UN.webp\" class=\"attachment-full\" alt=\"\" \/><\/div><div class=\"clients-content kd-animated fadeInUp\" data-animation-delay=200><img loading=\"lazy\" decoding=\"async\" width=\"208\" height=\"80\" src=\"https:\/\/trends.com.tn\/2022\/wp-content\/uploads\/2021\/10\/logo-oim.webp\" class=\"attachment-full\" alt=\"\" \/><\/div><div class=\"clients-content kd-animated fadeInUp\" data-animation-delay=400><img loading=\"lazy\" decoding=\"async\" width=\"122\" height=\"122\" src=\"https:\/\/trends.com.tn\/2022\/wp-content\/uploads\/2021\/10\/iacelogotrends.webp\" class=\"attachment-full\" alt=\"\" \/><\/div><div class=\"clients-content kd-animated fadeInUp\" data-animation-delay=600><img loading=\"lazy\" decoding=\"async\" width=\"362\" height=\"94\" src=\"https:\/\/trends.com.tn\/2022\/wp-content\/uploads\/2021\/10\/GIZ.webp\" class=\"attachment-full\" alt=\"\" srcset=\"https:\/\/trends.com.tn\/2022\/wp-content\/uploads\/2021\/10\/GIZ.webp 362w, https:\/\/trends.com.tn\/2022\/wp-content\/uploads\/2021\/10\/GIZ-300x78.webp 300w\" sizes=\"auto, (max-width: 362px) 100vw, 362px\" \/><\/div><div class=\"clients-content kd-animated fadeInUp\" data-animation-delay=800><img loading=\"lazy\" decoding=\"async\" width=\"128\" height=\"100\" src=\"https:\/\/trends.com.tn\/2022\/wp-content\/uploads\/2021\/10\/cE.webp\" class=\"attachment-full\" alt=\"\" \/><\/div><div class=\"clients-content kd-animated fadeInUp\" data-animation-delay=1000><img loading=\"lazy\" decoding=\"async\" width=\"302\" height=\"90\" src=\"https:\/\/trends.com.tn\/2022\/wp-content\/uploads\/2021\/10\/usaid.webp\" class=\"attachment-full\" alt=\"\" srcset=\"https:\/\/trends.com.tn\/2022\/wp-content\/uploads\/2021\/10\/usaid.webp 302w, https:\/\/trends.com.tn\/2022\/wp-content\/uploads\/2021\/10\/usaid-300x89.webp 300w\" sizes=\"auto, (max-width: 302px) 100vw, 302px\" \/><\/div><div class=\"clients-content \" ><img loading=\"lazy\" decoding=\"async\" width=\"222\" height=\"100\" src=\"https:\/\/trends.com.tn\/2022\/wp-content\/uploads\/2021\/10\/unfpa.webp\" class=\"attachment-full\" alt=\"\" \/><\/div><div class=\"clients-content \" ><img loading=\"lazy\" decoding=\"async\" width=\"222\" height=\"100\" src=\"https:\/\/trends.com.tn\/2022\/wp-content\/uploads\/2021\/10\/unfpa.webp\" class=\"attachment-full\" alt=\"\" \/><\/div><div class=\"clients-content \" ><img loading=\"lazy\" decoding=\"async\" width=\"222\" height=\"100\" src=\"https:\/\/trends.com.tn\/2022\/wp-content\/uploads\/2021\/10\/unfpa.webp\" class=\"attachment-full\" alt=\"\" \/><\/div><div class=\"clients-content \" ><img loading=\"lazy\" decoding=\"async\" width=\"222\" height=\"100\" src=\"https:\/\/trends.com.tn\/2022\/wp-content\/uploads\/2021\/10\/unfpa.webp\" class=\"attachment-full\" alt=\"\" \/><\/div><div class=\"clients-content \" ><img loading=\"lazy\" decoding=\"async\" width=\"222\" height=\"100\" src=\"https:\/\/trends.com.tn\/2022\/wp-content\/uploads\/2021\/10\/unfpa.webp\" class=\"attachment-full\" alt=\"\" \/><\/div><\/div><script>\r\n              jQuery(document).ready(function($){\r\n                if ($(\".slider.clients.kd-client-69e1a48bb9bf9\").length) {\r\n                  $(\".slider.clients.kd-client-69e1a48bb9bf9\").owlCarousel({\r\n                    stageClass: \"owl-wrapper\",\r\n                    stageOuterClass: \"owl-wrapper-outer\",\r\n                    loadedClass: \"owl-carousel\",\r\n                    responsiveClass:true,\r\n                    responsive:{\r\n                      0:{\r\n                          items:2,nav: true,\r\n                            navSpeed: 500,\r\n                            dots: false,},\r\n                      415:{\r\n                          items:3,nav: true,\r\n                            navSpeed: 500,\r\n                            dots: false,},\r\n                      960:{\r\n                          items:6,dots: true,\r\n                              nav: false,\r\n                              dotsSpeed: 200,\r\n                              dotsEach: false,}\r\n                    },loop: true,\r\n                  });\r\n                }\r\n              });\r\n            <\/script>[\/vc_column_inner][\/vc_row_inner][\/vc_column][\/vc_row]<\/p>\n","protected":false},"excerpt":{"rendered":"<p>[vc_row full_width=&#8221;stretch_row&#8221; content_placement=&#8221;middle&#8221; kd_background_image_position=&#8221;vc_row-bg-position-top&#8221; css=&#8221;.vc_custom_1635675873734{padding-top: 100px !important;padding-bottom: 90px !important;background-color: #edf1f5 !important;background-position: center !important;background-repeat: no-repeat !important;background-size: cover !important;}&#8221; el_class=&#8221;intro-section&#8221; css_tablet_portrait=&#8221;.vc_custom_1635675873734{padding-top: 100px [&hellip;]<\/p>\n","protected":false},"author":1,"featured_media":0,"parent":9906,"menu_order":0,"comment_status":"closed","ping_status":"closed","template":"","meta":{"footnotes":""},"class_list":["post-9972","page","type-page","status-publish","hentry"],"_links":{"self":[{"href":"https:\/\/trends.com.tn\/2022\/wp-json\/wp\/v2\/pages\/9972","targetHints":{"allow":["GET"]}}],"collection":[{"href":"https:\/\/trends.com.tn\/2022\/wp-json\/wp\/v2\/pages"}],"about":[{"href":"https:\/\/trends.com.tn\/2022\/wp-json\/wp\/v2\/types\/page"}],"author":[{"embeddable":true,"href":"https:\/\/trends.com.tn\/2022\/wp-json\/wp\/v2\/users\/1"}],"replies":[{"embeddable":true,"href":"https:\/\/trends.com.tn\/2022\/wp-json\/wp\/v2\/comments?post=9972"}],"version-history":[{"count":3,"href":"https:\/\/trends.com.tn\/2022\/wp-json\/wp\/v2\/pages\/9972\/revisions"}],"predecessor-version":[{"id":10228,"href":"https:\/\/trends.com.tn\/2022\/wp-json\/wp\/v2\/pages\/9972\/revisions\/10228"}],"up":[{"embeddable":true,"href":"https:\/\/trends.com.tn\/2022\/wp-json\/wp\/v2\/pages\/9906"}],"wp:attachment":[{"href":"https:\/\/trends.com.tn\/2022\/wp-json\/wp\/v2\/media?parent=9972"}],"curies":[{"name":"wp","href":"https:\/\/api.w.org\/{rel}","templated":true}]}}